{"id":339,"date":"2020-11-03T23:03:44","date_gmt":"2020-11-03T22:03:44","guid":{"rendered":"https:\/\/www.oz1hq.dk\/?page_id=339"},"modified":"2023-10-30T16:41:53","modified_gmt":"2023-10-30T15:41:53","slug":"oz1oeoemill","status":"publish","type":"page","link":"https:\/\/www.oz1hq.dk\/?page_id=339","title":{"rendered":"OZ100MILL &#8211; 2020"},"content":{"rendered":"\n<h2 class=\"wp-block-heading\">Oplysninger om aktiviteten<\/h2>\n\n\n<div class=\"wp-block-image is-resized\">\n<figure class=\"alignright size-full\"><a href=\"https:\/\/www.oz1hq.dk\/wp-content\/uploads\/2020\/10\/Logo-Kvadrat.jpg\"><img loading=\"lazy\" decoding=\"async\" width=\"500\" height=\"500\" src=\"https:\/\/www.oz1hq.dk\/wp-content\/uploads\/2020\/10\/Logo-Kvadrat.jpg\" alt=\"\" class=\"wp-image-337\" style=\"aspect-ratio:1;width:287px;height:auto\" srcset=\"https:\/\/www.oz1hq.dk\/wp-content\/uploads\/2020\/10\/Logo-Kvadrat.jpg 500w, https:\/\/www.oz1hq.dk\/wp-content\/uploads\/2020\/10\/Logo-Kvadrat-300x300.jpg 300w, https:\/\/www.oz1hq.dk\/wp-content\/uploads\/2020\/10\/Logo-Kvadrat-150x150.jpg 150w\" sizes=\"auto, (max-width: 500px) 100vw, 500px\" \/><\/a><\/figure>\n<\/div>\n\n\n<p>Fra den 15. oktober til den 15. december 2020 fejrede vi Genforeningen som fandt sted i 1920 hvor S\u00f8nderjylland blev forenet med Danmark. <br>Dette blev fejret med en stor fest ved Dybb\u00f8l M\u00f8lle.<br><a rel=\"noreferrer noopener\" href=\"https:\/\/edr.dk\/2020\/10\/07\/oz100mill\/\" target=\"_blank\">https:\/\/edr.dk\/2020\/10\/07\/oz100mill\/<\/a><\/p>\n\n\n\n<p>Du kan se mere information om <a href=\"https:\/\/oz1hq.dk\/sh5\/2020-OZ100MILL\/\" target=\"_blank\" rel=\"noreferrer noopener\">RESULTATET HER<\/a>.<\/p>\n\n\n\n<p>Herunder kan du l\u00e6se hvordan det gik den 2. november &#8211; cirka midt i eventen. Vi havde tilsammen mere end 5.500 kontakter p\u00e5 de forskellige b\u00e5nd og det var blevet til 128 forskellige DXCC lande.<\/p>\n\n\n<div class=\"wp-block-image is-resized\">\n<figure class=\"aligncenter size-full\"><img loading=\"lazy\" decoding=\"async\" width=\"1012\" height=\"686\" src=\"https:\/\/www.oz1hq.dk\/wp-content\/uploads\/2020\/11\/CLUB-TIME-02-11.png\" alt=\"\" class=\"wp-image-343\" srcset=\"https:\/\/www.oz1hq.dk\/wp-content\/uploads\/2020\/11\/CLUB-TIME-02-11.png 1012w, https:\/\/www.oz1hq.dk\/wp-content\/uploads\/2020\/11\/CLUB-TIME-02-11-300x203.png 300w, https:\/\/www.oz1hq.dk\/wp-content\/uploads\/2020\/11\/CLUB-TIME-02-11-768x521.png 768w\" sizes=\"auto, (max-width: 1012px) 100vw, 1012px\" \/><\/figure>\n<\/div>\n\n<div class=\"wp-block-image is-resized\">\n<figure class=\"aligncenter size-full\"><img loading=\"lazy\" decoding=\"async\" width=\"1017\" height=\"437\" src=\"https:\/\/www.oz1hq.dk\/wp-content\/uploads\/2020\/11\/CLUB-DXCC.png\" alt=\"\" class=\"wp-image-342\" srcset=\"https:\/\/www.oz1hq.dk\/wp-content\/uploads\/2020\/11\/CLUB-DXCC.png 1017w, https:\/\/www.oz1hq.dk\/wp-content\/uploads\/2020\/11\/CLUB-DXCC-300x129.png 300w, https:\/\/www.oz1hq.dk\/wp-content\/uploads\/2020\/11\/CLUB-DXCC-768x330.png 768w\" sizes=\"auto, (max-width: 1017px) 100vw, 1017px\" \/><\/figure>\n<\/div>\n\n<div class=\"wp-block-image is-resized\">\n<figure class=\"aligncenter size-full\"><img loading=\"lazy\" decoding=\"async\" width=\"1014\" height=\"1646\" src=\"https:\/\/www.oz1hq.dk\/wp-content\/uploads\/2020\/11\/CLUB-ZONE.png\" alt=\"\" class=\"wp-image-344\" srcset=\"https:\/\/www.oz1hq.dk\/wp-content\/uploads\/2020\/11\/CLUB-ZONE.png 1014w, https:\/\/www.oz1hq.dk\/wp-content\/uploads\/2020\/11\/CLUB-ZONE-185x300.png 185w, https:\/\/www.oz1hq.dk\/wp-content\/uploads\/2020\/11\/CLUB-ZONE-631x1024.png 631w, https:\/\/www.oz1hq.dk\/wp-content\/uploads\/2020\/11\/CLUB-ZONE-768x1247.png 768w, https:\/\/www.oz1hq.dk\/wp-content\/uploads\/2020\/11\/CLUB-ZONE-946x1536.png 946w\" sizes=\"auto, (max-width: 1014px) 100vw, 1014px\" \/><\/figure>\n<\/div>\n\n<div class=\"wp-block-image is-resized\">\n<figure class=\"aligncenter size-full\"><img loading=\"lazy\" decoding=\"async\" width=\"1002\" height=\"508\" src=\"https:\/\/www.oz1hq.dk\/wp-content\/uploads\/2020\/11\/LoTW-STAT-2.png\" alt=\"\" class=\"wp-image-346\" srcset=\"https:\/\/www.oz1hq.dk\/wp-content\/uploads\/2020\/11\/LoTW-STAT-2.png 1002w, https:\/\/www.oz1hq.dk\/wp-content\/uploads\/2020\/11\/LoTW-STAT-2-300x152.png 300w, https:\/\/www.oz1hq.dk\/wp-content\/uploads\/2020\/11\/LoTW-STAT-2-768x389.png 768w\" sizes=\"auto, (max-width: 1002px) 100vw, 1002px\" \/><\/figure>\n<\/div>\n\n\n<h4 class=\"wp-block-heading\">Diplomer modtaget<\/h4>\n\n\n\n<figure class=\"wp-block-gallery aligncenter has-nested-images columns-4 wp-block-gallery-1 is-layout-flex wp-block-gallery-is-layout-flex\">\n<figure class=\"wp-block-image size-full\"><a href=\"https:\/\/www.oz1hq.dk\/wp-content\/uploads\/2020\/11\/eWAC-FT8.png\"><img loading=\"lazy\" decoding=\"async\" width=\"791\" height=\"616\" data-id=\"371\" src=\"https:\/\/www.oz1hq.dk\/wp-content\/uploads\/2020\/11\/eWAC-FT8.png\" alt=\"\" class=\"wp-image-371\" srcset=\"https:\/\/www.oz1hq.dk\/wp-content\/uploads\/2020\/11\/eWAC-FT8.png 791w, https:\/\/www.oz1hq.dk\/wp-content\/uploads\/2020\/11\/eWAC-FT8-300x234.png 300w, https:\/\/www.oz1hq.dk\/wp-content\/uploads\/2020\/11\/eWAC-FT8-768x598.png 768w\" sizes=\"auto, (max-width: 791px) 100vw, 791px\" \/><\/a><\/figure>\n\n\n\n<figure class=\"wp-block-image size-full\"><a href=\"https:\/\/www.oz1hq.dk\/wp-content\/uploads\/2020\/11\/eWAC-MIX.png\"><img loading=\"lazy\" decoding=\"async\" width=\"791\" height=\"616\" data-id=\"372\" src=\"https:\/\/www.oz1hq.dk\/wp-content\/uploads\/2020\/11\/eWAC-MIX.png\" alt=\"\" class=\"wp-image-372\" srcset=\"https:\/\/www.oz1hq.dk\/wp-content\/uploads\/2020\/11\/eWAC-MIX.png 791w, https:\/\/www.oz1hq.dk\/wp-content\/uploads\/2020\/11\/eWAC-MIX-300x234.png 300w, https:\/\/www.oz1hq.dk\/wp-content\/uploads\/2020\/11\/eWAC-MIX-768x598.png 768w\" sizes=\"auto, (max-width: 791px) 100vw, 791px\" \/><\/a><\/figure>\n\n\n\n<figure class=\"wp-block-image size-full\"><a href=\"https:\/\/www.oz1hq.dk\/wp-content\/uploads\/2020\/11\/eWAC-SSB.png\"><img loading=\"lazy\" decoding=\"async\" width=\"791\" height=\"616\" data-id=\"373\" src=\"https:\/\/www.oz1hq.dk\/wp-content\/uploads\/2020\/11\/eWAC-SSB.png\" alt=\"\" class=\"wp-image-373\" srcset=\"https:\/\/www.oz1hq.dk\/wp-content\/uploads\/2020\/11\/eWAC-SSB.png 791w, https:\/\/www.oz1hq.dk\/wp-content\/uploads\/2020\/11\/eWAC-SSB-300x234.png 300w, https:\/\/www.oz1hq.dk\/wp-content\/uploads\/2020\/11\/eWAC-SSB-768x598.png 768w\" sizes=\"auto, (max-width: 791px) 100vw, 791px\" \/><\/a><\/figure>\n\n\n\n<figure class=\"wp-block-image size-full\"><a href=\"https:\/\/www.oz1hq.dk\/wp-content\/uploads\/2020\/11\/eWAC-CW.png\"><img loading=\"lazy\" decoding=\"async\" width=\"791\" height=\"616\" data-id=\"370\" src=\"https:\/\/www.oz1hq.dk\/wp-content\/uploads\/2020\/11\/eWAC-CW.png\" alt=\"\" class=\"wp-image-370\" srcset=\"https:\/\/www.oz1hq.dk\/wp-content\/uploads\/2020\/11\/eWAC-CW.png 791w, https:\/\/www.oz1hq.dk\/wp-content\/uploads\/2020\/11\/eWAC-CW-300x234.png 300w, https:\/\/www.oz1hq.dk\/wp-content\/uploads\/2020\/11\/eWAC-CW-768x598.png 768w\" sizes=\"auto, (max-width: 791px) 100vw, 791px\" \/><\/a><\/figure>\n\n\n\n<figure class=\"wp-block-image size-full\"><a href=\"https:\/\/www.oz1hq.dk\/wp-content\/uploads\/2020\/11\/eUK.png\"><img loading=\"lazy\" decoding=\"async\" width=\"791\" height=\"616\" data-id=\"369\" src=\"https:\/\/www.oz1hq.dk\/wp-content\/uploads\/2020\/11\/eUK.png\" alt=\"\" class=\"wp-image-369\" srcset=\"https:\/\/www.oz1hq.dk\/wp-content\/uploads\/2020\/11\/eUK.png 791w, https:\/\/www.oz1hq.dk\/wp-content\/uploads\/2020\/11\/eUK-300x234.png 300w, https:\/\/www.oz1hq.dk\/wp-content\/uploads\/2020\/11\/eUK-768x598.png 768w\" sizes=\"auto, (max-width: 791px) 100vw, 791px\" \/><\/a><\/figure>\n\n\n\n<figure class=\"wp-block-image size-full\"><a href=\"https:\/\/www.oz1hq.dk\/wp-content\/uploads\/2020\/11\/eSAmerica.png\"><img loading=\"lazy\" decoding=\"async\" width=\"791\" height=\"616\" data-id=\"368\" src=\"https:\/\/www.oz1hq.dk\/wp-content\/uploads\/2020\/11\/eSAmerica.png\" alt=\"\" class=\"wp-image-368\" srcset=\"https:\/\/www.oz1hq.dk\/wp-content\/uploads\/2020\/11\/eSAmerica.png 791w, https:\/\/www.oz1hq.dk\/wp-content\/uploads\/2020\/11\/eSAmerica-300x234.png 300w, https:\/\/www.oz1hq.dk\/wp-content\/uploads\/2020\/11\/eSAmerica-768x598.png 768w\" sizes=\"auto, (max-width: 791px) 100vw, 791px\" \/><\/a><\/figure>\n\n\n\n<figure class=\"wp-block-image size-full\"><a href=\"https:\/\/www.oz1hq.dk\/wp-content\/uploads\/2020\/11\/ePFX300-FT8.png\"><img loading=\"lazy\" decoding=\"async\" width=\"791\" height=\"616\" data-id=\"367\" src=\"https:\/\/www.oz1hq.dk\/wp-content\/uploads\/2020\/11\/ePFX300-FT8.png\" alt=\"\" class=\"wp-image-367\" srcset=\"https:\/\/www.oz1hq.dk\/wp-content\/uploads\/2020\/11\/ePFX300-FT8.png 791w, https:\/\/www.oz1hq.dk\/wp-content\/uploads\/2020\/11\/ePFX300-FT8-300x234.png 300w, https:\/\/www.oz1hq.dk\/wp-content\/uploads\/2020\/11\/ePFX300-FT8-768x598.png 768w\" sizes=\"auto, (max-width: 791px) 100vw, 791px\" \/><\/a><\/figure>\n\n\n\n<figure class=\"wp-block-image size-full\"><a href=\"https:\/\/www.oz1hq.dk\/wp-content\/uploads\/2020\/11\/ePFX300.png\"><img loading=\"lazy\" decoding=\"async\" width=\"791\" height=\"616\" data-id=\"366\" src=\"https:\/\/www.oz1hq.dk\/wp-content\/uploads\/2020\/11\/ePFX300.png\" alt=\"\" class=\"wp-image-366\" srcset=\"https:\/\/www.oz1hq.dk\/wp-content\/uploads\/2020\/11\/ePFX300.png 791w, https:\/\/www.oz1hq.dk\/wp-content\/uploads\/2020\/11\/ePFX300-300x234.png 300w, https:\/\/www.oz1hq.dk\/wp-content\/uploads\/2020\/11\/ePFX300-768x598.png 768w\" sizes=\"auto, (max-width: 791px) 100vw, 791px\" \/><\/a><\/figure>\n\n\n\n<figure class=\"wp-block-image size-full\"><a href=\"https:\/\/www.oz1hq.dk\/wp-content\/uploads\/2020\/11\/eGRID.png\"><img loading=\"lazy\" decoding=\"async\" width=\"791\" height=\"616\" data-id=\"365\" src=\"https:\/\/www.oz1hq.dk\/wp-content\/uploads\/2020\/11\/eGRID.png\" alt=\"\" class=\"wp-image-365\" srcset=\"https:\/\/www.oz1hq.dk\/wp-content\/uploads\/2020\/11\/eGRID.png 791w, https:\/\/www.oz1hq.dk\/wp-content\/uploads\/2020\/11\/eGRID-300x234.png 300w, https:\/\/www.oz1hq.dk\/wp-content\/uploads\/2020\/11\/eGRID-768x598.png 768w\" sizes=\"auto, (max-width: 791px) 100vw, 791px\" \/><\/a><\/figure>\n\n\n\n<figure class=\"wp-block-image size-full\"><a href=\"https:\/\/www.oz1hq.dk\/wp-content\/uploads\/2020\/11\/eEurope-WARC.png\"><img loading=\"lazy\" decoding=\"async\" width=\"791\" height=\"616\" data-id=\"364\" src=\"https:\/\/www.oz1hq.dk\/wp-content\/uploads\/2020\/11\/eEurope-WARC.png\" alt=\"\" class=\"wp-image-364\" srcset=\"https:\/\/www.oz1hq.dk\/wp-content\/uploads\/2020\/11\/eEurope-WARC.png 791w, https:\/\/www.oz1hq.dk\/wp-content\/uploads\/2020\/11\/eEurope-WARC-300x234.png 300w, https:\/\/www.oz1hq.dk\/wp-content\/uploads\/2020\/11\/eEurope-WARC-768x598.png 768w\" sizes=\"auto, (max-width: 791px) 100vw, 791px\" \/><\/a><\/figure>\n\n\n\n<figure class=\"wp-block-image size-full\"><a href=\"https:\/\/www.oz1hq.dk\/wp-content\/uploads\/2020\/11\/eEurope-ft8.png\"><img loading=\"lazy\" decoding=\"async\" width=\"791\" height=\"616\" data-id=\"363\" src=\"https:\/\/www.oz1hq.dk\/wp-content\/uploads\/2020\/11\/eEurope-ft8.png\" alt=\"\" class=\"wp-image-363\" srcset=\"https:\/\/www.oz1hq.dk\/wp-content\/uploads\/2020\/11\/eEurope-ft8.png 791w, https:\/\/www.oz1hq.dk\/wp-content\/uploads\/2020\/11\/eEurope-ft8-300x234.png 300w, https:\/\/www.oz1hq.dk\/wp-content\/uploads\/2020\/11\/eEurope-ft8-768x598.png 768w\" sizes=\"auto, (max-width: 791px) 100vw, 791px\" \/><\/a><\/figure>\n\n\n\n<figure class=\"wp-block-image size-full\"><a href=\"https:\/\/www.oz1hq.dk\/wp-content\/uploads\/2020\/11\/eAsia-SSB.png\"><img loading=\"lazy\" decoding=\"async\" width=\"791\" height=\"616\" data-id=\"362\" src=\"https:\/\/www.oz1hq.dk\/wp-content\/uploads\/2020\/11\/eAsia-SSB.png\" alt=\"\" class=\"wp-image-362\" srcset=\"https:\/\/www.oz1hq.dk\/wp-content\/uploads\/2020\/11\/eAsia-SSB.png 791w, https:\/\/www.oz1hq.dk\/wp-content\/uploads\/2020\/11\/eAsia-SSB-300x234.png 300w, https:\/\/www.oz1hq.dk\/wp-content\/uploads\/2020\/11\/eAsia-SSB-768x598.png 768w\" sizes=\"auto, (max-width: 791px) 100vw, 791px\" \/><\/a><\/figure>\n\n\n\n<figure class=\"wp-block-image size-full\"><a href=\"https:\/\/www.oz1hq.dk\/wp-content\/uploads\/2020\/11\/eAsia-FT8.png\"><img loading=\"lazy\" decoding=\"async\" width=\"791\" height=\"616\" data-id=\"361\" src=\"https:\/\/www.oz1hq.dk\/wp-content\/uploads\/2020\/11\/eAsia-FT8.png\" alt=\"\" class=\"wp-image-361\" srcset=\"https:\/\/www.oz1hq.dk\/wp-content\/uploads\/2020\/11\/eAsia-FT8.png 791w, https:\/\/www.oz1hq.dk\/wp-content\/uploads\/2020\/11\/eAsia-FT8-300x234.png 300w, https:\/\/www.oz1hq.dk\/wp-content\/uploads\/2020\/11\/eAsia-FT8-768x598.png 768w\" sizes=\"auto, (max-width: 791px) 100vw, 791px\" \/><\/a><\/figure>\n\n\n\n<figure class=\"wp-block-image size-full\"><a href=\"https:\/\/www.oz1hq.dk\/wp-content\/uploads\/2020\/11\/eAsia-CW.png\"><img loading=\"lazy\" decoding=\"async\" width=\"791\" height=\"616\" data-id=\"360\" src=\"https:\/\/www.oz1hq.dk\/wp-content\/uploads\/2020\/11\/eAsia-CW.png\" alt=\"\" class=\"wp-image-360\" srcset=\"https:\/\/www.oz1hq.dk\/wp-content\/uploads\/2020\/11\/eAsia-CW.png 791w, https:\/\/www.oz1hq.dk\/wp-content\/uploads\/2020\/11\/eAsia-CW-300x234.png 300w, https:\/\/www.oz1hq.dk\/wp-content\/uploads\/2020\/11\/eAsia-CW-768x598.png 768w\" sizes=\"auto, (max-width: 791px) 100vw, 791px\" \/><\/a><\/figure>\n\n\n\n<figure class=\"wp-block-image size-full\"><a href=\"https:\/\/www.oz1hq.dk\/wp-content\/uploads\/2020\/11\/eAsia.png\"><img loading=\"lazy\" decoding=\"async\" width=\"791\" height=\"616\" data-id=\"359\" src=\"https:\/\/www.oz1hq.dk\/wp-content\/uploads\/2020\/11\/eAsia.png\" alt=\"\" class=\"wp-image-359\" srcset=\"https:\/\/www.oz1hq.dk\/wp-content\/uploads\/2020\/11\/eAsia.png 791w, https:\/\/www.oz1hq.dk\/wp-content\/uploads\/2020\/11\/eAsia-300x234.png 300w, https:\/\/www.oz1hq.dk\/wp-content\/uploads\/2020\/11\/eAsia-768x598.png 768w\" sizes=\"auto, (max-width: 791px) 100vw, 791px\" \/><\/a><\/figure>\n\n\n\n<figure class=\"wp-block-image size-full\"><a href=\"https:\/\/www.oz1hq.dk\/wp-content\/uploads\/2020\/11\/eAfrica.png\"><img loading=\"lazy\" decoding=\"async\" width=\"791\" height=\"616\" data-id=\"358\" src=\"https:\/\/www.oz1hq.dk\/wp-content\/uploads\/2020\/11\/eAfrica.png\" alt=\"\" class=\"wp-image-358\" srcset=\"https:\/\/www.oz1hq.dk\/wp-content\/uploads\/2020\/11\/eAfrica.png 791w, https:\/\/www.oz1hq.dk\/wp-content\/uploads\/2020\/11\/eAfrica-300x234.png 300w, https:\/\/www.oz1hq.dk\/wp-content\/uploads\/2020\/11\/eAfrica-768x598.png 768w\" sizes=\"auto, (max-width: 791px) 100vw, 791px\" \/><\/a><\/figure>\n<\/figure>\n\n\n\n<hr class=\"wp-block-separator has-css-opacity\"\/>\n","protected":false},"excerpt":{"rendered":"<p>Oplysninger om aktiviteten Fra den 15. oktober til den 15. december 2020 fejrede vi Genforeningen som fandt sted i 1920 hvor S\u00f8nderjylland blev forenet med Danmark. Dette blev fejret med en stor fest ved Dybb\u00f8l M\u00f8lle.https:\/\/edr.dk\/2020\/10\/07\/oz100mill\/ Du kan se mere information om RESULTATET HER. Herunder kan du l\u00e6se hvordan det gik den 2. november &#8211; [&hellip;]<\/p>\n","protected":false},"author":1,"featured_media":334,"parent":0,"menu_order":0,"comment_status":"closed","ping_status":"closed","template":"templates\/template-full-width.php","meta":{"footnotes":""},"class_list":["post-339","page","type-page","status-publish","has-post-thumbnail","hentry"],"_links":{"self":[{"href":"https:\/\/www.oz1hq.dk\/index.php?rest_route=\/wp\/v2\/pages\/339","targetHints":{"allow":["GET"]}}],"collection":[{"href":"https:\/\/www.oz1hq.dk\/index.php?rest_route=\/wp\/v2\/pages"}],"about":[{"href":"https:\/\/www.oz1hq.dk\/index.php?rest_route=\/wp\/v2\/types\/page"}],"author":[{"embeddable":true,"href":"https:\/\/www.oz1hq.dk\/index.php?rest_route=\/wp\/v2\/users\/1"}],"replies":[{"embeddable":true,"href":"https:\/\/www.oz1hq.dk\/index.php?rest_route=%2Fwp%2Fv2%2Fcomments&post=339"}],"version-history":[{"count":16,"href":"https:\/\/www.oz1hq.dk\/index.php?rest_route=\/wp\/v2\/pages\/339\/revisions"}],"predecessor-version":[{"id":1839,"href":"https:\/\/www.oz1hq.dk\/index.php?rest_route=\/wp\/v2\/pages\/339\/revisions\/1839"}],"wp:featuredmedia":[{"embeddable":true,"href":"https:\/\/www.oz1hq.dk\/index.php?rest_route=\/wp\/v2\/media\/334"}],"wp:attachment":[{"href":"https:\/\/www.oz1hq.dk\/index.php?rest_route=%2Fwp%2Fv2%2Fmedia&parent=339"}],"curies":[{"name":"wp","href":"https:\/\/api.w.org\/{rel}","templated":true}]}}