{"id":2477,"date":"2026-02-04T00:40:15","date_gmt":"2026-02-03T23:40:15","guid":{"rendered":"https:\/\/www.oz1hq.dk\/?page_id=2477"},"modified":"2026-04-02T10:44:38","modified_gmt":"2026-04-02T08:44:38","slug":"oz-100-oz","status":"publish","type":"page","link":"https:\/\/www.oz1hq.dk\/?page_id=2477","title":{"rendered":"OZ100OZ"},"content":{"rendered":"\n<figure class=\"wp-block-image size-full\"><img loading=\"lazy\" decoding=\"async\" width=\"1024\" height=\"182\" src=\"https:\/\/www.oz1hq.dk\/wp-content\/uploads\/2026\/02\/Banner-lil.jpg\" alt=\"\" class=\"wp-image-2478\" srcset=\"https:\/\/www.oz1hq.dk\/wp-content\/uploads\/2026\/02\/Banner-lil.jpg 1024w, https:\/\/www.oz1hq.dk\/wp-content\/uploads\/2026\/02\/Banner-lil-300x53.jpg 300w, https:\/\/www.oz1hq.dk\/wp-content\/uploads\/2026\/02\/Banner-lil-768x137.jpg 768w\" sizes=\"auto, (max-width: 1024px) 100vw, 1024px\" \/><\/figure>\n\n\n\n<p>Et vellykket event er afsluttet og vi siger tak for jeres deltagelse. Du kan downloade dit operat\u00f8rcertifikat herunder. Klik p\u00e5 certifikatet og download den forst\u00f8rrede version.<\/p>\n\n\n\n<figure class=\"wp-block-gallery has-nested-images columns-default is-cropped wp-block-gallery-1 is-layout-flex wp-block-gallery-is-layout-flex\">\n<figure class=\"wp-block-image size-large\"><a href=\"https:\/\/www.oz1hq.dk\/wp-content\/uploads\/2026\/04\/OZ1T.jpg\"><img loading=\"lazy\" decoding=\"async\" width=\"724\" height=\"1024\" data-id=\"2493\" src=\"https:\/\/www.oz1hq.dk\/wp-content\/uploads\/2026\/04\/OZ1T-724x1024.jpg\" alt=\"\" class=\"wp-image-2493\" srcset=\"https:\/\/www.oz1hq.dk\/wp-content\/uploads\/2026\/04\/OZ1T-724x1024.jpg 724w, https:\/\/www.oz1hq.dk\/wp-content\/uploads\/2026\/04\/OZ1T-212x300.jpg 212w, https:\/\/www.oz1hq.dk\/wp-content\/uploads\/2026\/04\/OZ1T-768x1086.jpg 768w, https:\/\/www.oz1hq.dk\/wp-content\/uploads\/2026\/04\/OZ1T-1086x1536.jpg 1086w, https:\/\/www.oz1hq.dk\/wp-content\/uploads\/2026\/04\/OZ1T-1448x2048.jpg 1448w, https:\/\/www.oz1hq.dk\/wp-content\/uploads\/2026\/04\/OZ1T-1200x1697.jpg 1200w, https:\/\/www.oz1hq.dk\/wp-content\/uploads\/2026\/04\/OZ1T.jpg 1737w\" sizes=\"auto, (max-width: 724px) 100vw, 724px\" \/><\/a><\/figure>\n\n\n\n<figure class=\"wp-block-image size-large\"><a href=\"https:\/\/www.oz1hq.dk\/wp-content\/uploads\/2026\/04\/OZ1THC.jpg\"><img loading=\"lazy\" decoding=\"async\" width=\"724\" height=\"1024\" data-id=\"2502\" src=\"https:\/\/www.oz1hq.dk\/wp-content\/uploads\/2026\/04\/OZ1THC-724x1024.jpg\" alt=\"\" class=\"wp-image-2502\" srcset=\"https:\/\/www.oz1hq.dk\/wp-content\/uploads\/2026\/04\/OZ1THC-724x1024.jpg 724w, https:\/\/www.oz1hq.dk\/wp-content\/uploads\/2026\/04\/OZ1THC-212x300.jpg 212w, https:\/\/www.oz1hq.dk\/wp-content\/uploads\/2026\/04\/OZ1THC-768x1086.jpg 768w, https:\/\/www.oz1hq.dk\/wp-content\/uploads\/2026\/04\/OZ1THC-1086x1536.jpg 1086w, https:\/\/www.oz1hq.dk\/wp-content\/uploads\/2026\/04\/OZ1THC-1448x2048.jpg 1448w, https:\/\/www.oz1hq.dk\/wp-content\/uploads\/2026\/04\/OZ1THC-1200x1697.jpg 1200w, https:\/\/www.oz1hq.dk\/wp-content\/uploads\/2026\/04\/OZ1THC.jpg 1737w\" sizes=\"auto, (max-width: 724px) 100vw, 724px\" \/><\/a><\/figure>\n\n\n\n<figure class=\"wp-block-image size-large\"><a href=\"https:\/\/www.oz1hq.dk\/wp-content\/uploads\/2026\/04\/OZ1AAR.jpg\"><img loading=\"lazy\" decoding=\"async\" width=\"724\" height=\"1024\" data-id=\"2501\" src=\"https:\/\/www.oz1hq.dk\/wp-content\/uploads\/2026\/04\/OZ1AAR-724x1024.jpg\" alt=\"\" class=\"wp-image-2501\" srcset=\"https:\/\/www.oz1hq.dk\/wp-content\/uploads\/2026\/04\/OZ1AAR-724x1024.jpg 724w, https:\/\/www.oz1hq.dk\/wp-content\/uploads\/2026\/04\/OZ1AAR-212x300.jpg 212w, https:\/\/www.oz1hq.dk\/wp-content\/uploads\/2026\/04\/OZ1AAR-768x1086.jpg 768w, https:\/\/www.oz1hq.dk\/wp-content\/uploads\/2026\/04\/OZ1AAR-1086x1536.jpg 1086w, https:\/\/www.oz1hq.dk\/wp-content\/uploads\/2026\/04\/OZ1AAR-1448x2048.jpg 1448w, https:\/\/www.oz1hq.dk\/wp-content\/uploads\/2026\/04\/OZ1AAR-1200x1697.jpg 1200w, https:\/\/www.oz1hq.dk\/wp-content\/uploads\/2026\/04\/OZ1AAR.jpg 1737w\" sizes=\"auto, (max-width: 724px) 100vw, 724px\" \/><\/a><\/figure>\n\n\n\n<figure class=\"wp-block-image size-large\"><a href=\"https:\/\/www.oz1hq.dk\/wp-content\/uploads\/2026\/04\/OZ4ABH.jpg\"><img loading=\"lazy\" decoding=\"async\" width=\"724\" height=\"1024\" data-id=\"2500\" src=\"https:\/\/www.oz1hq.dk\/wp-content\/uploads\/2026\/04\/OZ4ABH-724x1024.jpg\" alt=\"\" class=\"wp-image-2500\" srcset=\"https:\/\/www.oz1hq.dk\/wp-content\/uploads\/2026\/04\/OZ4ABH-724x1024.jpg 724w, https:\/\/www.oz1hq.dk\/wp-content\/uploads\/2026\/04\/OZ4ABH-212x300.jpg 212w, https:\/\/www.oz1hq.dk\/wp-content\/uploads\/2026\/04\/OZ4ABH-768x1086.jpg 768w, https:\/\/www.oz1hq.dk\/wp-content\/uploads\/2026\/04\/OZ4ABH-1086x1536.jpg 1086w, https:\/\/www.oz1hq.dk\/wp-content\/uploads\/2026\/04\/OZ4ABH-1448x2048.jpg 1448w, https:\/\/www.oz1hq.dk\/wp-content\/uploads\/2026\/04\/OZ4ABH-1200x1697.jpg 1200w, https:\/\/www.oz1hq.dk\/wp-content\/uploads\/2026\/04\/OZ4ABH.jpg 1737w\" sizes=\"auto, (max-width: 724px) 100vw, 724px\" \/><\/a><\/figure>\n\n\n\n<figure class=\"wp-block-image size-large\"><a href=\"https:\/\/www.oz1hq.dk\/wp-content\/uploads\/2026\/04\/OZ4CG.jpg\"><img loading=\"lazy\" decoding=\"async\" width=\"724\" height=\"1024\" data-id=\"2495\" src=\"https:\/\/www.oz1hq.dk\/wp-content\/uploads\/2026\/04\/OZ4CG-724x1024.jpg\" alt=\"\" class=\"wp-image-2495\" srcset=\"https:\/\/www.oz1hq.dk\/wp-content\/uploads\/2026\/04\/OZ4CG-724x1024.jpg 724w, https:\/\/www.oz1hq.dk\/wp-content\/uploads\/2026\/04\/OZ4CG-212x300.jpg 212w, https:\/\/www.oz1hq.dk\/wp-content\/uploads\/2026\/04\/OZ4CG-768x1086.jpg 768w, https:\/\/www.oz1hq.dk\/wp-content\/uploads\/2026\/04\/OZ4CG-1086x1536.jpg 1086w, https:\/\/www.oz1hq.dk\/wp-content\/uploads\/2026\/04\/OZ4CG-1448x2048.jpg 1448w, https:\/\/www.oz1hq.dk\/wp-content\/uploads\/2026\/04\/OZ4CG-1200x1697.jpg 1200w, https:\/\/www.oz1hq.dk\/wp-content\/uploads\/2026\/04\/OZ4CG.jpg 1737w\" sizes=\"auto, (max-width: 724px) 100vw, 724px\" \/><\/a><\/figure>\n\n\n\n<figure class=\"wp-block-image size-large\"><a href=\"https:\/\/www.oz1hq.dk\/wp-content\/uploads\/2026\/04\/OZ4NA.jpg\"><img loading=\"lazy\" decoding=\"async\" width=\"724\" height=\"1024\" data-id=\"2496\" src=\"https:\/\/www.oz1hq.dk\/wp-content\/uploads\/2026\/04\/OZ4NA-724x1024.jpg\" alt=\"\" class=\"wp-image-2496\" srcset=\"https:\/\/www.oz1hq.dk\/wp-content\/uploads\/2026\/04\/OZ4NA-724x1024.jpg 724w, https:\/\/www.oz1hq.dk\/wp-content\/uploads\/2026\/04\/OZ4NA-212x300.jpg 212w, https:\/\/www.oz1hq.dk\/wp-content\/uploads\/2026\/04\/OZ4NA-768x1086.jpg 768w, https:\/\/www.oz1hq.dk\/wp-content\/uploads\/2026\/04\/OZ4NA-1086x1536.jpg 1086w, https:\/\/www.oz1hq.dk\/wp-content\/uploads\/2026\/04\/OZ4NA-1448x2048.jpg 1448w, https:\/\/www.oz1hq.dk\/wp-content\/uploads\/2026\/04\/OZ4NA-1200x1697.jpg 1200w, https:\/\/www.oz1hq.dk\/wp-content\/uploads\/2026\/04\/OZ4NA.jpg 1737w\" sizes=\"auto, (max-width: 724px) 100vw, 724px\" \/><\/a><\/figure>\n\n\n\n<figure class=\"wp-block-image size-large\"><a href=\"https:\/\/www.oz1hq.dk\/wp-content\/uploads\/2026\/04\/OZ5EM.jpg\"><img loading=\"lazy\" decoding=\"async\" width=\"724\" height=\"1024\" data-id=\"2494\" src=\"https:\/\/www.oz1hq.dk\/wp-content\/uploads\/2026\/04\/OZ5EM-724x1024.jpg\" alt=\"\" class=\"wp-image-2494\" srcset=\"https:\/\/www.oz1hq.dk\/wp-content\/uploads\/2026\/04\/OZ5EM-724x1024.jpg 724w, https:\/\/www.oz1hq.dk\/wp-content\/uploads\/2026\/04\/OZ5EM-212x300.jpg 212w, https:\/\/www.oz1hq.dk\/wp-content\/uploads\/2026\/04\/OZ5EM-768x1086.jpg 768w, https:\/\/www.oz1hq.dk\/wp-content\/uploads\/2026\/04\/OZ5EM-1086x1536.jpg 1086w, https:\/\/www.oz1hq.dk\/wp-content\/uploads\/2026\/04\/OZ5EM-1448x2048.jpg 1448w, https:\/\/www.oz1hq.dk\/wp-content\/uploads\/2026\/04\/OZ5EM-1200x1697.jpg 1200w, https:\/\/www.oz1hq.dk\/wp-content\/uploads\/2026\/04\/OZ5EM.jpg 1737w\" sizes=\"auto, (max-width: 724px) 100vw, 724px\" \/><\/a><\/figure>\n\n\n\n<figure class=\"wp-block-image size-large\"><a href=\"https:\/\/www.oz1hq.dk\/wp-content\/uploads\/2026\/04\/OZ7AEI.jpg\"><img loading=\"lazy\" decoding=\"async\" width=\"724\" height=\"1024\" data-id=\"2497\" src=\"https:\/\/www.oz1hq.dk\/wp-content\/uploads\/2026\/04\/OZ7AEI-724x1024.jpg\" alt=\"\" class=\"wp-image-2497\" srcset=\"https:\/\/www.oz1hq.dk\/wp-content\/uploads\/2026\/04\/OZ7AEI-724x1024.jpg 724w, https:\/\/www.oz1hq.dk\/wp-content\/uploads\/2026\/04\/OZ7AEI-212x300.jpg 212w, https:\/\/www.oz1hq.dk\/wp-content\/uploads\/2026\/04\/OZ7AEI-768x1086.jpg 768w, https:\/\/www.oz1hq.dk\/wp-content\/uploads\/2026\/04\/OZ7AEI-1086x1536.jpg 1086w, https:\/\/www.oz1hq.dk\/wp-content\/uploads\/2026\/04\/OZ7AEI-1448x2048.jpg 1448w, https:\/\/www.oz1hq.dk\/wp-content\/uploads\/2026\/04\/OZ7AEI-1200x1697.jpg 1200w, https:\/\/www.oz1hq.dk\/wp-content\/uploads\/2026\/04\/OZ7AEI.jpg 1737w\" sizes=\"auto, (max-width: 724px) 100vw, 724px\" \/><\/a><\/figure>\n\n\n\n<figure class=\"wp-block-image size-large\"><a href=\"https:\/\/www.oz1hq.dk\/wp-content\/uploads\/2026\/04\/OZ7MC.jpg\"><img loading=\"lazy\" decoding=\"async\" width=\"724\" height=\"1024\" data-id=\"2503\" src=\"https:\/\/www.oz1hq.dk\/wp-content\/uploads\/2026\/04\/OZ7MC-724x1024.jpg\" alt=\"\" class=\"wp-image-2503\" srcset=\"https:\/\/www.oz1hq.dk\/wp-content\/uploads\/2026\/04\/OZ7MC-724x1024.jpg 724w, https:\/\/www.oz1hq.dk\/wp-content\/uploads\/2026\/04\/OZ7MC-212x300.jpg 212w, https:\/\/www.oz1hq.dk\/wp-content\/uploads\/2026\/04\/OZ7MC-768x1086.jpg 768w, https:\/\/www.oz1hq.dk\/wp-content\/uploads\/2026\/04\/OZ7MC-1086x1536.jpg 1086w, https:\/\/www.oz1hq.dk\/wp-content\/uploads\/2026\/04\/OZ7MC-1448x2048.jpg 1448w, https:\/\/www.oz1hq.dk\/wp-content\/uploads\/2026\/04\/OZ7MC-1200x1697.jpg 1200w, https:\/\/www.oz1hq.dk\/wp-content\/uploads\/2026\/04\/OZ7MC.jpg 1737w\" sizes=\"auto, (max-width: 724px) 100vw, 724px\" \/><\/a><\/figure>\n\n\n\n<figure class=\"wp-block-image size-large\"><a href=\"https:\/\/www.oz1hq.dk\/wp-content\/uploads\/2026\/04\/OZ8AE.jpg\"><img loading=\"lazy\" decoding=\"async\" width=\"724\" height=\"1024\" data-id=\"2499\" src=\"https:\/\/www.oz1hq.dk\/wp-content\/uploads\/2026\/04\/OZ8AE-724x1024.jpg\" alt=\"\" class=\"wp-image-2499\" srcset=\"https:\/\/www.oz1hq.dk\/wp-content\/uploads\/2026\/04\/OZ8AE-724x1024.jpg 724w, https:\/\/www.oz1hq.dk\/wp-content\/uploads\/2026\/04\/OZ8AE-212x300.jpg 212w, https:\/\/www.oz1hq.dk\/wp-content\/uploads\/2026\/04\/OZ8AE-768x1086.jpg 768w, https:\/\/www.oz1hq.dk\/wp-content\/uploads\/2026\/04\/OZ8AE-1086x1536.jpg 1086w, https:\/\/www.oz1hq.dk\/wp-content\/uploads\/2026\/04\/OZ8AE-1448x2048.jpg 1448w, https:\/\/www.oz1hq.dk\/wp-content\/uploads\/2026\/04\/OZ8AE-1200x1697.jpg 1200w, https:\/\/www.oz1hq.dk\/wp-content\/uploads\/2026\/04\/OZ8AE.jpg 1737w\" sizes=\"auto, (max-width: 724px) 100vw, 724px\" \/><\/a><\/figure>\n\n\n\n<figure class=\"wp-block-image size-large\"><a href=\"https:\/\/www.oz1hq.dk\/wp-content\/uploads\/2026\/04\/OZ8AGB.jpg\"><img loading=\"lazy\" decoding=\"async\" width=\"724\" height=\"1024\" data-id=\"2498\" src=\"https:\/\/www.oz1hq.dk\/wp-content\/uploads\/2026\/04\/OZ8AGB-724x1024.jpg\" alt=\"\" class=\"wp-image-2498\" srcset=\"https:\/\/www.oz1hq.dk\/wp-content\/uploads\/2026\/04\/OZ8AGB-724x1024.jpg 724w, https:\/\/www.oz1hq.dk\/wp-content\/uploads\/2026\/04\/OZ8AGB-212x300.jpg 212w, https:\/\/www.oz1hq.dk\/wp-content\/uploads\/2026\/04\/OZ8AGB-768x1086.jpg 768w, https:\/\/www.oz1hq.dk\/wp-content\/uploads\/2026\/04\/OZ8AGB-1086x1536.jpg 1086w, https:\/\/www.oz1hq.dk\/wp-content\/uploads\/2026\/04\/OZ8AGB-1448x2048.jpg 1448w, https:\/\/www.oz1hq.dk\/wp-content\/uploads\/2026\/04\/OZ8AGB-1200x1697.jpg 1200w, https:\/\/www.oz1hq.dk\/wp-content\/uploads\/2026\/04\/OZ8AGB.jpg 1737w\" sizes=\"auto, (max-width: 724px) 100vw, 724px\" \/><\/a><\/figure>\n<\/figure>\n\n\n\n<p class=\"has-text-align-center\">&#8212;&#8212;&#8212;&#8212;&#8212;&#8212;&#8212;&#8212;&#8212;&#8212;&#8212;&#8212;&#8212;&#8212;&#8212;&#8212;&#8212;&#8212;&#8212;&#8212;&#8212;&#8212;&#8212;&#8212;&#8212;&#8211;<\/p>\n\n\n\n<p>I \u00e5r er det 100 \u00e5r siden de f\u00f8rste lovlige danske amat\u00f8rradiolicenser blev udstedt.<\/p>\n\n\n\n<p>I marts 1926 besluttede <strong><em>Ministeriet for Offentlige Arbejder<\/em><\/strong> endelig at give eksperimentelle danske amat\u00f8rer adgang til at bygge og drive private radiosendestationer. S\u00e5ledes blev B\u00f8rge J\u00f8rgensen OZ7BJ og James Steffensen OZ7JS de f\u00f8rste to danske radioamat\u00f8rer, der fik udstedt en gyldig dansk sendelicens, og dette skete i marts 1926 &#8211; alts\u00e5 for 100 \u00e5r siden.<\/p>\n\n\n\n<p>I l\u00f8bet af 1926 blev der udstedt mere end 40 OZ-licenser, hvilket legaliserede mange eksperimenterende amat\u00f8rer og brugen af deres sendeudstyr.<\/p>\n\n\n\n<p>Experimenterende Danske Radioamat\u00f8rer fejrer dette med en event hvor kaldesignalet OZ100OZ vil blive aktiveret.<\/p>\n\n\n\n<h5 class=\"wp-block-heading has-text-align-center\"><strong>Fra 1. marts kl. 00:00 UTC til 8. marts kl. 23:59 UTC<\/strong> <\/h5>\n\n\n\n<p>Alle danske radioamat\u00f8rer kan tilmelde sig som operat\u00f8r ved at sende en e-mail til <a href=\"mailto:oz0j@oz0j.dk\">oz0j@oz0j.dk<\/a> med oplysning om dit kaldesignal, dit navn og e-mailadresse. Derefter vil J\u00f8rgen sende dig materialet med oplysninger om deltagerreglerne samt vejledning til bookingkalenderen.<br><em>Og s\u00e5 er det bare om at v\u00e6re s\u00e5 aktiv som muligt i perioden hvor eventen er i gang.<\/em><\/p>\n\n\n\n<p><\/p>\n","protected":false},"excerpt":{"rendered":"<p>Et vellykket event er afsluttet og vi siger tak for jeres deltagelse. Du kan downloade dit operat\u00f8rcertifikat herunder. Klik p\u00e5 certifikatet og download den forst\u00f8rrede version. &#8212;&#8212;&#8212;&#8212;&#8212;&#8212;&#8212;&#8212;&#8212;&#8212;&#8212;&#8212;&#8212;&#8212;&#8212;&#8212;&#8212;&#8212;&#8212;&#8212;&#8212;&#8212;&#8212;&#8212;&#8212;&#8211; I \u00e5r er det 100 \u00e5r siden de f\u00f8rste lovlige danske amat\u00f8rradiolicenser blev udstedt. I marts 1926 besluttede Ministeriet for Offentlige Arbejder endelig at give eksperimentelle danske amat\u00f8rer [&hellip;]<\/p>\n","protected":false},"author":1,"featured_media":0,"parent":0,"menu_order":0,"comment_status":"closed","ping_status":"closed","template":"","meta":{"footnotes":""},"class_list":["post-2477","page","type-page","status-publish","hentry"],"_links":{"self":[{"href":"https:\/\/www.oz1hq.dk\/index.php?rest_route=\/wp\/v2\/pages\/2477","targetHints":{"allow":["GET"]}}],"collection":[{"href":"https:\/\/www.oz1hq.dk\/index.php?rest_route=\/wp\/v2\/pages"}],"about":[{"href":"https:\/\/www.oz1hq.dk\/index.php?rest_route=\/wp\/v2\/types\/page"}],"author":[{"embeddable":true,"href":"https:\/\/www.oz1hq.dk\/index.php?rest_route=\/wp\/v2\/users\/1"}],"replies":[{"embeddable":true,"href":"https:\/\/www.oz1hq.dk\/index.php?rest_route=%2Fwp%2Fv2%2Fcomments&post=2477"}],"version-history":[{"count":6,"href":"https:\/\/www.oz1hq.dk\/index.php?rest_route=\/wp\/v2\/pages\/2477\/revisions"}],"predecessor-version":[{"id":2505,"href":"https:\/\/www.oz1hq.dk\/index.php?rest_route=\/wp\/v2\/pages\/2477\/revisions\/2505"}],"wp:attachment":[{"href":"https:\/\/www.oz1hq.dk\/index.php?rest_route=%2Fwp%2Fv2%2Fmedia&parent=2477"}],"curies":[{"name":"wp","href":"https:\/\/api.w.org\/{rel}","templated":true}]}}