{"id":2169,"date":"2024-12-16T22:15:51","date_gmt":"2024-12-16T21:15:51","guid":{"rendered":"https:\/\/www.oz1hq.dk\/?page_id=2169"},"modified":"2025-02-07T21:50:22","modified_gmt":"2025-02-07T20:50:22","slug":"oz400post","status":"publish","type":"page","link":"https:\/\/www.oz1hq.dk\/?page_id=2169","title":{"rendered":"OZ400POST"},"content":{"rendered":"<div class=\"wp-block-image\">\n<figure data-wp-context=\"{&quot;imageId&quot;:&quot;69f4b3be8a861&quot;}\" data-wp-interactive=\"core\/image\" data-wp-key=\"69f4b3be8a861\" class=\"aligncenter size-full wp-lightbox-container\"><img loading=\"lazy\" decoding=\"async\" width=\"1935\" height=\"873\" data-wp-class--hide=\"state.isContentHidden\" data-wp-class--show=\"state.isContentVisible\" data-wp-init=\"callbacks.setButtonStyles\" data-wp-on--click=\"actions.showLightbox\" data-wp-on--load=\"callbacks.setButtonStyles\" data-wp-on-window--resize=\"callbacks.setButtonStyles\" src=\"https:\/\/www.oz1hq.dk\/wp-content\/uploads\/2024\/12\/Reklame-2.jpg\" alt=\"\" class=\"wp-image-2170\" srcset=\"https:\/\/www.oz1hq.dk\/wp-content\/uploads\/2024\/12\/Reklame-2.jpg 1935w, https:\/\/www.oz1hq.dk\/wp-content\/uploads\/2024\/12\/Reklame-2-300x135.jpg 300w, https:\/\/www.oz1hq.dk\/wp-content\/uploads\/2024\/12\/Reklame-2-1024x462.jpg 1024w, https:\/\/www.oz1hq.dk\/wp-content\/uploads\/2024\/12\/Reklame-2-768x346.jpg 768w, https:\/\/www.oz1hq.dk\/wp-content\/uploads\/2024\/12\/Reklame-2-1536x693.jpg 1536w, https:\/\/www.oz1hq.dk\/wp-content\/uploads\/2024\/12\/Reklame-2-1200x541.jpg 1200w\" sizes=\"auto, (max-width: 1935px) 100vw, 1935px\" \/><button\n\t\t\tclass=\"lightbox-trigger\"\n\t\t\ttype=\"button\"\n\t\t\taria-haspopup=\"dialog\"\n\t\t\taria-label=\"Forst\u00f8r\"\n\t\t\tdata-wp-init=\"callbacks.initTriggerButton\"\n\t\t\tdata-wp-on--click=\"actions.showLightbox\"\n\t\t\tdata-wp-style--right=\"state.imageButtonRight\"\n\t\t\tdata-wp-style--top=\"state.imageButtonTop\"\n\t\t>\n\t\t\t<svg xmlns=\"http:\/\/www.w3.org\/2000\/svg\" width=\"12\" height=\"12\" fill=\"none\" viewBox=\"0 0 12 12\">\n\t\t\t\t<path fill=\"#fff\" d=\"M2 0a2 2 0 0 0-2 2v2h1.5V2a.5.5 0 0 1 .5-.5h2V0H2Zm2 10.5H2a.5.5 0 0 1-.5-.5V8H0v2a2 2 0 0 0 2 2h2v-1.5ZM8 12v-1.5h2a.5.5 0 0 0 .5-.5V8H12v2a2 2 0 0 1-2 2H8Zm2-12a2 2 0 0 1 2 2v2h-1.5V2a.5.5 0 0 0-.5-.5H8V0h2Z\" \/>\n\t\t\t<\/svg>\n\t\t<\/button><\/figure>\n<\/div>\n\n\n<hr class=\"wp-block-separator has-alpha-channel-opacity\"\/>\n\n\n\n<h2 class=\"wp-block-heading alignwide has-text-align-center\">EVENTEN ER SLUT<\/h2>\n\n\n<div class=\"wp-block-image\">\n<figure data-wp-context=\"{&quot;imageId&quot;:&quot;69f4b3be8af1d&quot;}\" data-wp-interactive=\"core\/image\" data-wp-key=\"69f4b3be8af1d\" class=\"aligncenter size-full wp-lightbox-container\"><img loading=\"lazy\" decoding=\"async\" width=\"1386\" height=\"781\" data-wp-class--hide=\"state.isContentHidden\" data-wp-class--show=\"state.isContentVisible\" data-wp-init=\"callbacks.setButtonStyles\" data-wp-on--click=\"actions.showLightbox\" data-wp-on--load=\"callbacks.setButtonStyles\" data-wp-on-window--resize=\"callbacks.setButtonStyles\" src=\"https:\/\/www.oz1hq.dk\/wp-content\/uploads\/2025\/02\/HUNTERS.jpg\" alt=\"\" class=\"wp-image-2209\" srcset=\"https:\/\/www.oz1hq.dk\/wp-content\/uploads\/2025\/02\/HUNTERS.jpg 1386w, https:\/\/www.oz1hq.dk\/wp-content\/uploads\/2025\/02\/HUNTERS-300x169.jpg 300w, https:\/\/www.oz1hq.dk\/wp-content\/uploads\/2025\/02\/HUNTERS-1024x577.jpg 1024w, https:\/\/www.oz1hq.dk\/wp-content\/uploads\/2025\/02\/HUNTERS-768x433.jpg 768w, https:\/\/www.oz1hq.dk\/wp-content\/uploads\/2025\/02\/HUNTERS-1200x676.jpg 1200w\" sizes=\"auto, (max-width: 1386px) 100vw, 1386px\" \/><button\n\t\t\tclass=\"lightbox-trigger\"\n\t\t\ttype=\"button\"\n\t\t\taria-haspopup=\"dialog\"\n\t\t\taria-label=\"Forst\u00f8r\"\n\t\t\tdata-wp-init=\"callbacks.initTriggerButton\"\n\t\t\tdata-wp-on--click=\"actions.showLightbox\"\n\t\t\tdata-wp-style--right=\"state.imageButtonRight\"\n\t\t\tdata-wp-style--top=\"state.imageButtonTop\"\n\t\t>\n\t\t\t<svg xmlns=\"http:\/\/www.w3.org\/2000\/svg\" width=\"12\" height=\"12\" fill=\"none\" viewBox=\"0 0 12 12\">\n\t\t\t\t<path fill=\"#fff\" d=\"M2 0a2 2 0 0 0-2 2v2h1.5V2a.5.5 0 0 1 .5-.5h2V0H2Zm2 10.5H2a.5.5 0 0 1-.5-.5V8H0v2a2 2 0 0 0 2 2h2v-1.5ZM8 12v-1.5h2a.5.5 0 0 0 .5-.5V8H12v2a2 2 0 0 1-2 2H8Zm2-12a2 2 0 0 1 2 2v2h-1.5V2a.5.5 0 0 0-.5-.5H8V0h2Z\" \/>\n\t\t\t<\/svg>\n\t\t<\/button><figcaption class=\"wp-element-caption\">Der har virkelig v\u00e6ret rift om at k\u00f8re mange QSO&#8217;er med OZ400POST<\/figcaption><\/figure>\n<\/div>\n\n<div class=\"wp-block-image\">\n<figure data-wp-context=\"{&quot;imageId&quot;:&quot;69f4b3be8b47f&quot;}\" data-wp-interactive=\"core\/image\" data-wp-key=\"69f4b3be8b47f\" class=\"aligncenter size-full wp-lightbox-container\"><img loading=\"lazy\" decoding=\"async\" width=\"747\" height=\"567\" data-wp-class--hide=\"state.isContentHidden\" data-wp-class--show=\"state.isContentVisible\" data-wp-init=\"callbacks.setButtonStyles\" data-wp-on--click=\"actions.showLightbox\" data-wp-on--load=\"callbacks.setButtonStyles\" data-wp-on-window--resize=\"callbacks.setButtonStyles\" src=\"https:\/\/www.oz1hq.dk\/wp-content\/uploads\/2025\/01\/RES-POST.png\" alt=\"\" class=\"wp-image-2185\" srcset=\"https:\/\/www.oz1hq.dk\/wp-content\/uploads\/2025\/01\/RES-POST.png 747w, https:\/\/www.oz1hq.dk\/wp-content\/uploads\/2025\/01\/RES-POST-300x228.png 300w\" sizes=\"auto, (max-width: 747px) 100vw, 747px\" \/><button\n\t\t\tclass=\"lightbox-trigger\"\n\t\t\ttype=\"button\"\n\t\t\taria-haspopup=\"dialog\"\n\t\t\taria-label=\"Forst\u00f8r\"\n\t\t\tdata-wp-init=\"callbacks.initTriggerButton\"\n\t\t\tdata-wp-on--click=\"actions.showLightbox\"\n\t\t\tdata-wp-style--right=\"state.imageButtonRight\"\n\t\t\tdata-wp-style--top=\"state.imageButtonTop\"\n\t\t>\n\t\t\t<svg xmlns=\"http:\/\/www.w3.org\/2000\/svg\" width=\"12\" height=\"12\" fill=\"none\" viewBox=\"0 0 12 12\">\n\t\t\t\t<path fill=\"#fff\" d=\"M2 0a2 2 0 0 0-2 2v2h1.5V2a.5.5 0 0 1 .5-.5h2V0H2Zm2 10.5H2a.5.5 0 0 1-.5-.5V8H0v2a2 2 0 0 0 2 2h2v-1.5ZM8 12v-1.5h2a.5.5 0 0 0 .5-.5V8H12v2a2 2 0 0 1-2 2H8Zm2-12a2 2 0 0 1 2 2v2h-1.5V2a.5.5 0 0 0-.5-.5H8V0h2Z\" \/>\n\t\t\t<\/svg>\n\t\t<\/button><figcaption class=\"wp-element-caption\">Denne oversigt viser hvilke Lande, B\u00e5nd og Modes OZ400POST har haft kontakt med<\/figcaption><\/figure>\n<\/div>\n\n\n<h5 class=\"wp-block-heading has-text-align-center\">Se denne side for yderligere info: <br><a href=\"https:\/\/oz1hq.dk\/sh5\/2024-OZ400POST\/\">oz1hq.dk\/sh5\/2024-OZ400POST\/<\/a><\/h5>\n\n\n\n<h3 class=\"wp-block-heading has-text-align-center\">Operat\u00f8rcertifikater<\/h3>\n\n\n\n<p class=\"has-text-align-center\"><a href=\"https:\/\/www.edr.dk\/wp-content\/uploads\/2024\/12\/OZ30EU-1.pdf\">OZ30EU<\/a>&nbsp; <a href=\"https:\/\/www.edr.dk\/wp-content\/uploads\/2024\/12\/OZ8AGB-1.pdf\">OZ8AGB  <\/a>&nbsp;<a href=\"https:\/\/www.edr.dk\/wp-content\/uploads\/2024\/12\/OZ7AEI-2.pdf\">OZ7AEI<\/a><a href=\"https:\/\/www.edr.dk\/wp-content\/uploads\/2024\/12\/OZ7AEI-1.pdf\">  <\/a>&nbsp;<a href=\"https:\/\/www.edr.dk\/wp-content\/uploads\/2024\/12\/OZ5IDR-1.pdf\">OZ5IDR  <\/a>&nbsp;<a href=\"https:\/\/www.edr.dk\/wp-content\/uploads\/2024\/12\/OZ5EM-1.pdf\">OZ5EM  <\/a>&nbsp;<a href=\"https:\/\/www.edr.dk\/wp-content\/uploads\/2024\/12\/OZ4ZT-1.pdf\">OZ4ZT  <\/a>&nbsp;<a href=\"https:\/\/www.edr.dk\/wp-content\/uploads\/2024\/12\/OZ4NA-1.pdf\">OZ4NA<\/a>&nbsp; <a href=\"https:\/\/www.edr.dk\/wp-content\/uploads\/2024\/12\/OZ1AAR-1.pdf\">OZ1AAR<\/a>&nbsp; <a href=\"https:\/\/www.edr.dk\/wp-content\/uploads\/2024\/12\/OZ1THC-1.pdf\">OZ1THC<\/a> &nbsp;<a href=\"https:\/\/www.edr.dk\/wp-content\/uploads\/2024\/12\/OZ1T-1.pdf\">OZ1T<\/a> &nbsp;<a href=\"https:\/\/www.edr.dk\/wp-content\/uploads\/2024\/12\/OV3T-1.pdf\">OV3T<\/a> &nbsp;<a href=\"https:\/\/www.edr.dk\/wp-content\/uploads\/2024\/12\/5P1KZX-1.pdf\">5P1KZX<\/a><br>Klik p\u00e5 dit kaldesignal og hent dit certifikat<\/p>\n\n\n\n<hr class=\"wp-block-separator has-alpha-channel-opacity\"\/>\n\n\n\n<h2 class=\"wp-block-heading\">EDR  EVENT<\/h2>\n\n\n\n<p>Fra den 24. december 2024 klokken 00:00 UTC og indtil den 5. januar 2025 klokken 23:59 vil kaldesignalet OZ400POST v\u00e6re at finde p\u00e5 mange amat\u00f8rb\u00e5nd og med mange forskellige Modes.<br>Kontakter med denne SES giver point til EDR&#8217;s   POST-AWARD<\/p>\n\n\n\n<p>L\u00e6s mere om reglerne p\u00e5  <a href=\"http:\/\/www.qrz.com\/db\/OZ400POST\" target=\"_blank\" rel=\"noreferrer noopener\">http:\/\/www.qrz.com\/db\/OZ400POST<\/a><\/p>\n\n\n\n<h4 class=\"wp-block-heading\">Vil du deltage som operat\u00f8r <br>kan du l\u00e6se mere p\u00e5  <a href=\"https:\/\/www.edr.dk\/2024\/12\/15\/oz400post-event-juleaften-til-helligtrekonger\/\" target=\"_blank\" rel=\"noreferrer noopener\">www.edr.dk<\/a><\/h4>\n\n\n\n<p><strong>Kongens Postv\u00e6sen 1624<\/strong><\/p>\n\n\n\n<p>Den 24. december 1624 udsendte Kong Christian den IV en &#8220;Forordning om Post-Budde&#8221;. Den kaldes postv\u00e6senets f\u00f8dselsattest. Der blev oprettet 9 postruter, hvor den vigtigste var K\u00f8benhavn-Hamborg. Her blev breve, pakker og gods sendt med vogn, mens der blev indsat fodbude, som kun modtog breve, p\u00e5 de \u00f8vrige ruter.<\/p>\n\n\n\n<p>I K\u00f8benhavn, blev der udn\u00e6vnt en postmester, som skulle opholde sig p\u00e5 B\u00f8rsen to timer om dagen og personligt tage sig af s\u00e5vel de administrative som de praktiske forretninger. Dengang var B\u00f8rsen postv\u00e6senets hovedkontor og det er nok ikke uden grund, n\u00e5r der st\u00e5r i forordningen, at han skulle v\u00e6re &#8220;en \u00e6dru og flittig mand&#8221;. I k\u00f8bst\u00e6derne, som budene passerede, blev de anvist logi i for eksempel g\u00e6stgiverier, og v\u00e6rten skulle modtage og viderebefordre breve til folk, udenfor selve ruten.<\/p>\n\n\n\n<p>Den 24. september 1711 overgik Postv\u00e6senet til staten og i 1712 blev det bestemt i &#8220;Fundation angaaende de kongelige danske Postv\u00e6sens indkomster&#8221; at postv\u00e6senets overskud skulle henl\u00e6gges i en fond. Midler blev blandt andet udbetalt som underst\u00f8ttelser, pensioner, en p\u00e6n portion til Vajsenhusets oprettelse<\/p>\n\n\n\n<p>I 1927 blev Telegrafv\u00e6senet og Postv\u00e6senet et v\u00e6sen: Post og Telegrafv\u00e6senet (P&amp;T).<\/p>\n\n\n\n<figure class=\"wp-block-image size-large\"><img decoding=\"async\" src=\"https:\/\/cdn-bio.qrz.com\/t\/oz400post\/l411024_69.jpg?p=f99a6755474e7332cfbf8f8af0fc1fca\" alt=\"\"\/><\/figure>\n\n\n\n<hr class=\"wp-block-separator has-alpha-channel-opacity\"\/>\n\n\n\n<h2 class=\"wp-block-heading has-text-align-center\">QSL RECEIVED<\/h2>\n\n\n\n<figure class=\"wp-block-image\"><img decoding=\"async\" src=\"https:\/\/cdn-bio.qrz.com\/t\/oz400post\/UW5EQL.png\" alt=\"\"\/><\/figure>\n\n\n\n<figure class=\"wp-block-image\"><img decoding=\"async\" src=\"https:\/\/cdn-bio.qrz.com\/t\/oz400post\/EA3DX.jpg\" alt=\"\"\/><\/figure>\n\n\n\n<figure class=\"wp-block-image\"><img decoding=\"async\" src=\"https:\/\/cdn-bio.qrz.com\/t\/oz400post\/OE5WRO.jpg\" alt=\"\"\/><\/figure>\n\n\n\n<figure class=\"wp-block-image\"><img decoding=\"async\" src=\"https:\/\/cdn-bio.qrz.com\/t\/oz400post\/OE8KMK.jpg\" alt=\"\"\/><\/figure>\n\n\n\n<figure class=\"wp-block-image\"><img decoding=\"async\" src=\"https:\/\/cdn-bio.qrz.com\/t\/oz400post\/SP9DK.jpg\" alt=\"\"\/><\/figure>\n\n\n\n<figure class=\"wp-block-image\"><img decoding=\"async\" src=\"https:\/\/cdn-bio.qrz.com\/t\/oz400post\/DL9SAD.jpg\" alt=\"\"\/><\/figure>\n\n\n\n<figure class=\"wp-block-image\"><img decoding=\"async\" src=\"https:\/\/cdn-bio.qrz.com\/t\/oz400post\/YO7ZG.jpg\" alt=\"\"\/><\/figure>\n\n\n\n<figure class=\"wp-block-image\"><img decoding=\"async\" src=\"https:\/\/cdn-bio.qrz.com\/t\/oz400post\/OZ2I.jpg\" alt=\"\"\/><\/figure>\n\n\n\n<figure class=\"wp-block-image\"><img decoding=\"async\" src=\"https:\/\/cdn-bio.qrz.com\/t\/oz400post\/OZ1DR.jpg\" alt=\"\"\/><\/figure>\n\n\n\n<figure class=\"wp-block-image\"><img decoding=\"async\" src=\"https:\/\/cdn-bio.qrz.com\/t\/oz400post\/PD1PSR.jpg\" alt=\"\"\/><\/figure>\n\n\n\n<figure class=\"wp-block-image\"><img decoding=\"async\" src=\"https:\/\/cdn-bio.qrz.com\/t\/oz400post\/N1EDF.jpg\" alt=\"\"\/><\/figure>\n\n\n\n<figure class=\"wp-block-image\"><img decoding=\"async\" src=\"https:\/\/cdn-bio.qrz.com\/t\/oz400post\/VE1RY.jpg\" alt=\"\"\/><\/figure>\n\n\n\n<figure class=\"wp-block-image\"><img decoding=\"async\" src=\"https:\/\/cdn-bio.qrz.com\/t\/oz400post\/W4SYK.jpg\" alt=\"\"\/><\/figure>\n\n\n\n<figure class=\"wp-block-image\"><img decoding=\"async\" src=\"https:\/\/cdn-bio.qrz.com\/t\/oz400post\/SP7CWZ.JPG\" alt=\"\"\/><\/figure>\n\n\n\n<figure class=\"wp-block-image\"><img decoding=\"async\" src=\"https:\/\/cdn-bio.qrz.com\/t\/oz400post\/IZ8FCA.jpg\" alt=\"\"\/><\/figure>\n\n\n\n<figure class=\"wp-block-image\"><img decoding=\"async\" src=\"https:\/\/cdn-bio.qrz.com\/t\/oz400post\/OE5CCN.jpg\" alt=\"\"\/><\/figure>\n\n\n\n<figure class=\"wp-block-image size-large\"><img decoding=\"async\" src=\"https:\/\/cdn-bio.qrz.com\/t\/oz400post\/EA5OS.jpg?p=f99a6755474e7332cfbf8f8af0fc1fca\" alt=\"\"\/><\/figure>\n\n\n\n<figure class=\"wp-block-image size-large\"><img decoding=\"async\" src=\"https:\/\/cdn-bio.qrz.com\/t\/oz400post\/YO3ALE.jpg?p=f99a6755474e7332cfbf8f8af0fc1fca\" alt=\"\"\/><\/figure>\n\n\n\n<p>&nbsp;&nbsp;&nbsp;&nbsp;&nbsp;<\/p>\n\n\n\n<p><\/p>\n","protected":false},"excerpt":{"rendered":"<p>EVENTEN ER SLUT Se denne side for yderligere info: oz1hq.dk\/sh5\/2024-OZ400POST\/ Operat\u00f8rcertifikater OZ30EU&nbsp; OZ8AGB &nbsp;OZ7AEI &nbsp;OZ5IDR &nbsp;OZ5EM &nbsp;OZ4ZT &nbsp;OZ4NA&nbsp; OZ1AAR&nbsp; OZ1THC &nbsp;OZ1T &nbsp;OV3T &nbsp;5P1KZXKlik p\u00e5 dit kaldesignal og hent dit certifikat EDR EVENT Fra den 24. december 2024 klokken 00:00 UTC og indtil den 5. januar 2025 klokken 23:59 vil kaldesignalet OZ400POST v\u00e6re at finde p\u00e5 [&hellip;]<\/p>\n","protected":false},"author":1,"featured_media":0,"parent":0,"menu_order":0,"comment_status":"closed","ping_status":"closed","template":"","meta":{"footnotes":""},"class_list":["post-2169","page","type-page","status-publish","hentry"],"_links":{"self":[{"href":"https:\/\/www.oz1hq.dk\/index.php?rest_route=\/wp\/v2\/pages\/2169","targetHints":{"allow":["GET"]}}],"collection":[{"href":"https:\/\/www.oz1hq.dk\/index.php?rest_route=\/wp\/v2\/pages"}],"about":[{"href":"https:\/\/www.oz1hq.dk\/index.php?rest_route=\/wp\/v2\/types\/page"}],"author":[{"embeddable":true,"href":"https:\/\/www.oz1hq.dk\/index.php?rest_route=\/wp\/v2\/users\/1"}],"replies":[{"embeddable":true,"href":"https:\/\/www.oz1hq.dk\/index.php?rest_route=%2Fwp%2Fv2%2Fcomments&post=2169"}],"version-history":[{"count":19,"href":"https:\/\/www.oz1hq.dk\/index.php?rest_route=\/wp\/v2\/pages\/2169\/revisions"}],"predecessor-version":[{"id":2211,"href":"https:\/\/www.oz1hq.dk\/index.php?rest_route=\/wp\/v2\/pages\/2169\/revisions\/2211"}],"wp:attachment":[{"href":"https:\/\/www.oz1hq.dk\/index.php?rest_route=%2Fwp%2Fv2%2Fmedia&parent=2169"}],"curies":[{"name":"wp","href":"https:\/\/api.w.org\/{rel}","templated":true}]}}