{"id":2037,"date":"2024-07-02T19:19:15","date_gmt":"2024-07-02T17:19:15","guid":{"rendered":"https:\/\/www.oz1hq.dk\/?page_id=2037"},"modified":"2025-01-11T22:41:33","modified_gmt":"2025-01-11T21:41:33","slug":"iota-60-years","status":"publish","type":"page","link":"https:\/\/www.oz1hq.dk\/?page_id=2037","title":{"rendered":"IOTA 60 YEARS"},"content":{"rendered":"\n<p>Experimenterende Danske Radioamat\u00f8rer aktiverede Special Event Stationer i Danmark for at fejre IOTA jubil\u00e6et<br><strong>1. juli  til 31. august 2024 <\/strong><br>og der var forskellige aktiviteter fra b\u00e5de \u00f8-faste radioamat\u00f8rstationer og fra \u00f8-ekspeditioner til nogle af de 101 danske IOTA-\u00f8er.<\/p>\n\n\n\n<h4 class=\"wp-block-heading has-text-align-center\">Du finder en analyse af loggene <a href=\"https:\/\/oz1hq.dk\/sh5\/2024-EDR_60IOTA\/\" target=\"_blank\" rel=\"noreferrer noopener\">HER<\/a><\/h4>\n\n\n<div class=\"wp-block-image\">\n<figure class=\"aligncenter size-large\"><img loading=\"lazy\" decoding=\"async\" width=\"791\" height=\"1024\" src=\"https:\/\/www.oz1hq.dk\/wp-content\/uploads\/2025\/01\/OZFF-CUP-2025_E_5P60IOTA-791x1024.jpg\" alt=\"\" class=\"wp-image-2202\" srcset=\"https:\/\/www.oz1hq.dk\/wp-content\/uploads\/2025\/01\/OZFF-CUP-2025_E_5P60IOTA-791x1024.jpg 791w, https:\/\/www.oz1hq.dk\/wp-content\/uploads\/2025\/01\/OZFF-CUP-2025_E_5P60IOTA-232x300.jpg 232w, https:\/\/www.oz1hq.dk\/wp-content\/uploads\/2025\/01\/OZFF-CUP-2025_E_5P60IOTA-768x994.jpg 768w, https:\/\/www.oz1hq.dk\/wp-content\/uploads\/2025\/01\/OZFF-CUP-2025_E_5P60IOTA-1187x1536.jpg 1187w, https:\/\/www.oz1hq.dk\/wp-content\/uploads\/2025\/01\/OZFF-CUP-2025_E_5P60IOTA-1200x1553.jpg 1200w, https:\/\/www.oz1hq.dk\/wp-content\/uploads\/2025\/01\/OZFF-CUP-2025_E_5P60IOTA.jpg 1236w\" sizes=\"auto, (max-width: 791px) 100vw, 791px\" \/><\/figure>\n<\/div>\n\n\n<hr class=\"wp-block-separator has-alpha-channel-opacity\"\/>\n\n\n\n<h4 class=\"wp-block-heading\">Der blev produceret og udsendt plaketter:<\/h4>\n\n\n<div class=\"wp-block-image\">\n<figure class=\"aligncenter size-full\"><img loading=\"lazy\" decoding=\"async\" width=\"1100\" height=\"1068\" src=\"https:\/\/www.oz1hq.dk\/wp-content\/uploads\/2024\/09\/Akryl-plaketter.jpg\" alt=\"\" class=\"wp-image-2151\" srcset=\"https:\/\/www.oz1hq.dk\/wp-content\/uploads\/2024\/09\/Akryl-plaketter.jpg 1100w, https:\/\/www.oz1hq.dk\/wp-content\/uploads\/2024\/09\/Akryl-plaketter-300x291.jpg 300w, https:\/\/www.oz1hq.dk\/wp-content\/uploads\/2024\/09\/Akryl-plaketter-1024x994.jpg 1024w, https:\/\/www.oz1hq.dk\/wp-content\/uploads\/2024\/09\/Akryl-plaketter-768x746.jpg 768w\" sizes=\"auto, (max-width: 1100px) 100vw, 1100px\" \/><\/figure>\n<\/div>\n\n\n<p>Herunder finder du dit Operat\u00f8rcertifikat som du kan downloade i h\u00f8j opl\u00f8sning til print.<br><strong>  1. Klik p\u00e5 dit certifikat og det \u00e5bner i nyt vindue<br>  2. H\u00f8jreklik p\u00e5 billedet og v\u00e6lg at gemme p\u00e5 din computer<\/strong><\/p>\n\n\n\n<figure class=\"wp-block-gallery has-nested-images columns-2 is-cropped wp-block-gallery-1 is-layout-flex wp-block-gallery-is-layout-flex\">\n<figure class=\"wp-block-image size-large\"><a href=\"https:\/\/www.oz1hq.dk\/wp-content\/uploads\/2024\/09\/OZ1D.jpg\" target=\"_blank\" rel=\"noopener\"><img loading=\"lazy\" decoding=\"async\" width=\"1024\" height=\"741\" data-id=\"2130\" src=\"https:\/\/www.oz1hq.dk\/wp-content\/uploads\/2024\/09\/OZ1D-1024x741.jpg\" alt=\"\" class=\"wp-image-2130\" srcset=\"https:\/\/www.oz1hq.dk\/wp-content\/uploads\/2024\/09\/OZ1D-1024x741.jpg 1024w, https:\/\/www.oz1hq.dk\/wp-content\/uploads\/2024\/09\/OZ1D-300x217.jpg 300w, https:\/\/www.oz1hq.dk\/wp-content\/uploads\/2024\/09\/OZ1D-768x556.jpg 768w, https:\/\/www.oz1hq.dk\/wp-content\/uploads\/2024\/09\/OZ1D-1536x1112.jpg 1536w, https:\/\/www.oz1hq.dk\/wp-content\/uploads\/2024\/09\/OZ1D-1200x869.jpg 1200w, https:\/\/www.oz1hq.dk\/wp-content\/uploads\/2024\/09\/OZ1D.jpg 1713w\" sizes=\"auto, (max-width: 1024px) 100vw, 1024px\" \/><\/a><\/figure>\n\n\n\n<figure class=\"wp-block-image size-large\"><a href=\"https:\/\/www.oz1hq.dk\/wp-content\/uploads\/2024\/09\/OZ1IKY.jpg\" target=\"_blank\" rel=\"noopener\"><img loading=\"lazy\" decoding=\"async\" width=\"1024\" height=\"741\" data-id=\"2141\" src=\"https:\/\/www.oz1hq.dk\/wp-content\/uploads\/2024\/09\/OZ1IKY-1024x741.jpg\" alt=\"\" class=\"wp-image-2141\" srcset=\"https:\/\/www.oz1hq.dk\/wp-content\/uploads\/2024\/09\/OZ1IKY-1024x741.jpg 1024w, https:\/\/www.oz1hq.dk\/wp-content\/uploads\/2024\/09\/OZ1IKY-300x217.jpg 300w, https:\/\/www.oz1hq.dk\/wp-content\/uploads\/2024\/09\/OZ1IKY-768x556.jpg 768w, https:\/\/www.oz1hq.dk\/wp-content\/uploads\/2024\/09\/OZ1IKY-1536x1112.jpg 1536w, https:\/\/www.oz1hq.dk\/wp-content\/uploads\/2024\/09\/OZ1IKY-1200x869.jpg 1200w, https:\/\/www.oz1hq.dk\/wp-content\/uploads\/2024\/09\/OZ1IKY.jpg 1713w\" sizes=\"auto, (max-width: 1024px) 100vw, 1024px\" \/><\/a><\/figure>\n\n\n\n<figure class=\"wp-block-image size-large\"><a href=\"https:\/\/www.oz1hq.dk\/wp-content\/uploads\/2024\/09\/OZ1KZX.jpg\" target=\"_blank\" rel=\"noopener\"><img loading=\"lazy\" decoding=\"async\" width=\"1024\" height=\"741\" data-id=\"2131\" src=\"https:\/\/www.oz1hq.dk\/wp-content\/uploads\/2024\/09\/OZ1KZX-1024x741.jpg\" alt=\"\" class=\"wp-image-2131\" srcset=\"https:\/\/www.oz1hq.dk\/wp-content\/uploads\/2024\/09\/OZ1KZX-1024x741.jpg 1024w, https:\/\/www.oz1hq.dk\/wp-content\/uploads\/2024\/09\/OZ1KZX-300x217.jpg 300w, https:\/\/www.oz1hq.dk\/wp-content\/uploads\/2024\/09\/OZ1KZX-768x556.jpg 768w, https:\/\/www.oz1hq.dk\/wp-content\/uploads\/2024\/09\/OZ1KZX-1536x1112.jpg 1536w, https:\/\/www.oz1hq.dk\/wp-content\/uploads\/2024\/09\/OZ1KZX-1200x869.jpg 1200w, https:\/\/www.oz1hq.dk\/wp-content\/uploads\/2024\/09\/OZ1KZX.jpg 1713w\" sizes=\"auto, (max-width: 1024px) 100vw, 1024px\" \/><\/a><\/figure>\n\n\n\n<figure class=\"wp-block-image size-large\"><a href=\"https:\/\/www.oz1hq.dk\/wp-content\/uploads\/2024\/09\/OZ1PDE.jpg\" target=\"_blank\" rel=\"noopener\"><img loading=\"lazy\" decoding=\"async\" width=\"1024\" height=\"741\" data-id=\"2132\" src=\"https:\/\/www.oz1hq.dk\/wp-content\/uploads\/2024\/09\/OZ1PDE-1024x741.jpg\" alt=\"\" class=\"wp-image-2132\" srcset=\"https:\/\/www.oz1hq.dk\/wp-content\/uploads\/2024\/09\/OZ1PDE-1024x741.jpg 1024w, https:\/\/www.oz1hq.dk\/wp-content\/uploads\/2024\/09\/OZ1PDE-300x217.jpg 300w, https:\/\/www.oz1hq.dk\/wp-content\/uploads\/2024\/09\/OZ1PDE-768x556.jpg 768w, https:\/\/www.oz1hq.dk\/wp-content\/uploads\/2024\/09\/OZ1PDE-1536x1112.jpg 1536w, https:\/\/www.oz1hq.dk\/wp-content\/uploads\/2024\/09\/OZ1PDE-1200x869.jpg 1200w, https:\/\/www.oz1hq.dk\/wp-content\/uploads\/2024\/09\/OZ1PDE.jpg 1713w\" sizes=\"auto, (max-width: 1024px) 100vw, 1024px\" \/><\/a><\/figure>\n\n\n\n<figure class=\"wp-block-image size-large\"><a href=\"https:\/\/www.oz1hq.dk\/wp-content\/uploads\/2024\/09\/OZ1T.jpg\" target=\"_blank\" rel=\"noopener\"><img loading=\"lazy\" decoding=\"async\" width=\"1024\" height=\"741\" data-id=\"2133\" src=\"https:\/\/www.oz1hq.dk\/wp-content\/uploads\/2024\/09\/OZ1T-1024x741.jpg\" alt=\"\" class=\"wp-image-2133\" srcset=\"https:\/\/www.oz1hq.dk\/wp-content\/uploads\/2024\/09\/OZ1T-1024x741.jpg 1024w, https:\/\/www.oz1hq.dk\/wp-content\/uploads\/2024\/09\/OZ1T-300x217.jpg 300w, https:\/\/www.oz1hq.dk\/wp-content\/uploads\/2024\/09\/OZ1T-768x556.jpg 768w, https:\/\/www.oz1hq.dk\/wp-content\/uploads\/2024\/09\/OZ1T-1536x1112.jpg 1536w, https:\/\/www.oz1hq.dk\/wp-content\/uploads\/2024\/09\/OZ1T-1200x869.jpg 1200w, https:\/\/www.oz1hq.dk\/wp-content\/uploads\/2024\/09\/OZ1T.jpg 1713w\" sizes=\"auto, (max-width: 1024px) 100vw, 1024px\" \/><\/a><\/figure>\n\n\n\n<figure class=\"wp-block-image size-large\"><a href=\"https:\/\/www.oz1hq.dk\/wp-content\/uploads\/2024\/09\/OZ1THC.jpg\" target=\"_blank\" rel=\"noopener\"><img loading=\"lazy\" decoding=\"async\" width=\"1024\" height=\"741\" data-id=\"2137\" src=\"https:\/\/www.oz1hq.dk\/wp-content\/uploads\/2024\/09\/OZ1THC-1024x741.jpg\" alt=\"\" class=\"wp-image-2137\" srcset=\"https:\/\/www.oz1hq.dk\/wp-content\/uploads\/2024\/09\/OZ1THC-1024x741.jpg 1024w, https:\/\/www.oz1hq.dk\/wp-content\/uploads\/2024\/09\/OZ1THC-300x217.jpg 300w, https:\/\/www.oz1hq.dk\/wp-content\/uploads\/2024\/09\/OZ1THC-768x556.jpg 768w, https:\/\/www.oz1hq.dk\/wp-content\/uploads\/2024\/09\/OZ1THC-1536x1112.jpg 1536w, https:\/\/www.oz1hq.dk\/wp-content\/uploads\/2024\/09\/OZ1THC-1200x869.jpg 1200w, https:\/\/www.oz1hq.dk\/wp-content\/uploads\/2024\/09\/OZ1THC.jpg 1713w\" sizes=\"auto, (max-width: 1024px) 100vw, 1024px\" \/><\/a><\/figure>\n\n\n\n<figure class=\"wp-block-image size-large\"><a href=\"https:\/\/www.oz1hq.dk\/wp-content\/uploads\/2024\/09\/OZ2I.jpg\" target=\"_blank\" rel=\"noopener\"><img loading=\"lazy\" decoding=\"async\" width=\"1024\" height=\"741\" data-id=\"2134\" src=\"https:\/\/www.oz1hq.dk\/wp-content\/uploads\/2024\/09\/OZ2I-1024x741.jpg\" alt=\"\" class=\"wp-image-2134\" srcset=\"https:\/\/www.oz1hq.dk\/wp-content\/uploads\/2024\/09\/OZ2I-1024x741.jpg 1024w, https:\/\/www.oz1hq.dk\/wp-content\/uploads\/2024\/09\/OZ2I-300x217.jpg 300w, https:\/\/www.oz1hq.dk\/wp-content\/uploads\/2024\/09\/OZ2I-768x556.jpg 768w, https:\/\/www.oz1hq.dk\/wp-content\/uploads\/2024\/09\/OZ2I-1536x1112.jpg 1536w, https:\/\/www.oz1hq.dk\/wp-content\/uploads\/2024\/09\/OZ2I-1200x869.jpg 1200w, https:\/\/www.oz1hq.dk\/wp-content\/uploads\/2024\/09\/OZ2I.jpg 1713w\" sizes=\"auto, (max-width: 1024px) 100vw, 1024px\" \/><\/a><\/figure>\n\n\n\n<figure class=\"wp-block-image size-large\"><a href=\"https:\/\/www.oz1hq.dk\/wp-content\/uploads\/2024\/09\/OZ4ABH.jpg\" target=\"_blank\" rel=\"noopener\"><img loading=\"lazy\" decoding=\"async\" width=\"1024\" height=\"741\" data-id=\"2140\" src=\"https:\/\/www.oz1hq.dk\/wp-content\/uploads\/2024\/09\/OZ4ABH-1024x741.jpg\" alt=\"\" class=\"wp-image-2140\" srcset=\"https:\/\/www.oz1hq.dk\/wp-content\/uploads\/2024\/09\/OZ4ABH-1024x741.jpg 1024w, https:\/\/www.oz1hq.dk\/wp-content\/uploads\/2024\/09\/OZ4ABH-300x217.jpg 300w, https:\/\/www.oz1hq.dk\/wp-content\/uploads\/2024\/09\/OZ4ABH-768x556.jpg 768w, https:\/\/www.oz1hq.dk\/wp-content\/uploads\/2024\/09\/OZ4ABH-1536x1112.jpg 1536w, https:\/\/www.oz1hq.dk\/wp-content\/uploads\/2024\/09\/OZ4ABH-1200x869.jpg 1200w, https:\/\/www.oz1hq.dk\/wp-content\/uploads\/2024\/09\/OZ4ABH.jpg 1713w\" sizes=\"auto, (max-width: 1024px) 100vw, 1024px\" \/><\/a><\/figure>\n\n\n\n<figure class=\"wp-block-image size-large\"><a href=\"https:\/\/www.oz1hq.dk\/wp-content\/uploads\/2024\/09\/OZ4CG.jpg\" target=\"_blank\" rel=\"noopener\"><img loading=\"lazy\" decoding=\"async\" width=\"1024\" height=\"741\" data-id=\"2138\" src=\"https:\/\/www.oz1hq.dk\/wp-content\/uploads\/2024\/09\/OZ4CG-1024x741.jpg\" alt=\"\" class=\"wp-image-2138\" srcset=\"https:\/\/www.oz1hq.dk\/wp-content\/uploads\/2024\/09\/OZ4CG-1024x741.jpg 1024w, https:\/\/www.oz1hq.dk\/wp-content\/uploads\/2024\/09\/OZ4CG-300x217.jpg 300w, https:\/\/www.oz1hq.dk\/wp-content\/uploads\/2024\/09\/OZ4CG-768x556.jpg 768w, https:\/\/www.oz1hq.dk\/wp-content\/uploads\/2024\/09\/OZ4CG-1536x1112.jpg 1536w, https:\/\/www.oz1hq.dk\/wp-content\/uploads\/2024\/09\/OZ4CG-1200x869.jpg 1200w, https:\/\/www.oz1hq.dk\/wp-content\/uploads\/2024\/09\/OZ4CG.jpg 1713w\" sizes=\"auto, (max-width: 1024px) 100vw, 1024px\" \/><\/a><\/figure>\n\n\n\n<figure class=\"wp-block-image size-large\"><a href=\"https:\/\/www.oz1hq.dk\/wp-content\/uploads\/2024\/09\/OZ7AEI.jpg\" target=\"_blank\" rel=\"noopener\"><img loading=\"lazy\" decoding=\"async\" width=\"1024\" height=\"741\" data-id=\"2136\" src=\"https:\/\/www.oz1hq.dk\/wp-content\/uploads\/2024\/09\/OZ7AEI-1024x741.jpg\" alt=\"\" class=\"wp-image-2136\" srcset=\"https:\/\/www.oz1hq.dk\/wp-content\/uploads\/2024\/09\/OZ7AEI-1024x741.jpg 1024w, https:\/\/www.oz1hq.dk\/wp-content\/uploads\/2024\/09\/OZ7AEI-300x217.jpg 300w, https:\/\/www.oz1hq.dk\/wp-content\/uploads\/2024\/09\/OZ7AEI-768x556.jpg 768w, https:\/\/www.oz1hq.dk\/wp-content\/uploads\/2024\/09\/OZ7AEI-1536x1112.jpg 1536w, https:\/\/www.oz1hq.dk\/wp-content\/uploads\/2024\/09\/OZ7AEI-1200x869.jpg 1200w, https:\/\/www.oz1hq.dk\/wp-content\/uploads\/2024\/09\/OZ7AEI.jpg 1713w\" sizes=\"auto, (max-width: 1024px) 100vw, 1024px\" \/><\/a><\/figure>\n\n\n\n<figure class=\"wp-block-image size-large\"><a href=\"https:\/\/www.oz1hq.dk\/wp-content\/uploads\/2024\/09\/OZ7BQ.jpg\" target=\"_blank\" rel=\"noopener\"><img loading=\"lazy\" decoding=\"async\" width=\"1024\" height=\"741\" data-id=\"2139\" src=\"https:\/\/www.oz1hq.dk\/wp-content\/uploads\/2024\/09\/OZ7BQ-1024x741.jpg\" alt=\"\" class=\"wp-image-2139\" srcset=\"https:\/\/www.oz1hq.dk\/wp-content\/uploads\/2024\/09\/OZ7BQ-1024x741.jpg 1024w, https:\/\/www.oz1hq.dk\/wp-content\/uploads\/2024\/09\/OZ7BQ-300x217.jpg 300w, https:\/\/www.oz1hq.dk\/wp-content\/uploads\/2024\/09\/OZ7BQ-768x556.jpg 768w, https:\/\/www.oz1hq.dk\/wp-content\/uploads\/2024\/09\/OZ7BQ-1536x1112.jpg 1536w, https:\/\/www.oz1hq.dk\/wp-content\/uploads\/2024\/09\/OZ7BQ-1200x869.jpg 1200w, https:\/\/www.oz1hq.dk\/wp-content\/uploads\/2024\/09\/OZ7BQ.jpg 1713w\" sizes=\"auto, (max-width: 1024px) 100vw, 1024px\" \/><\/a><\/figure>\n\n\n\n<figure class=\"wp-block-image size-large\"><a href=\"https:\/\/www.oz1hq.dk\/wp-content\/uploads\/2024\/09\/OZ8AGB.jpg\" target=\"_blank\" rel=\"noopener\"><img loading=\"lazy\" decoding=\"async\" width=\"1024\" height=\"741\" data-id=\"2129\" src=\"https:\/\/www.oz1hq.dk\/wp-content\/uploads\/2024\/09\/OZ8AGB-1024x741.jpg\" alt=\"\" class=\"wp-image-2129\" srcset=\"https:\/\/www.oz1hq.dk\/wp-content\/uploads\/2024\/09\/OZ8AGB-1024x741.jpg 1024w, https:\/\/www.oz1hq.dk\/wp-content\/uploads\/2024\/09\/OZ8AGB-300x217.jpg 300w, https:\/\/www.oz1hq.dk\/wp-content\/uploads\/2024\/09\/OZ8AGB-768x556.jpg 768w, https:\/\/www.oz1hq.dk\/wp-content\/uploads\/2024\/09\/OZ8AGB-1536x1112.jpg 1536w, https:\/\/www.oz1hq.dk\/wp-content\/uploads\/2024\/09\/OZ8AGB-1200x869.jpg 1200w, https:\/\/www.oz1hq.dk\/wp-content\/uploads\/2024\/09\/OZ8AGB.jpg 1713w\" sizes=\"auto, (max-width: 1024px) 100vw, 1024px\" \/><\/a><\/figure>\n\n\n\n<figure class=\"wp-block-image size-large\"><a href=\"https:\/\/www.oz1hq.dk\/wp-content\/uploads\/2024\/09\/OZ8ZN.jpg\" target=\"_blank\" rel=\"noopener\"><img loading=\"lazy\" decoding=\"async\" width=\"1024\" height=\"741\" data-id=\"2135\" src=\"https:\/\/www.oz1hq.dk\/wp-content\/uploads\/2024\/09\/OZ8ZN-1024x741.jpg\" alt=\"\" class=\"wp-image-2135\" srcset=\"https:\/\/www.oz1hq.dk\/wp-content\/uploads\/2024\/09\/OZ8ZN-1024x741.jpg 1024w, https:\/\/www.oz1hq.dk\/wp-content\/uploads\/2024\/09\/OZ8ZN-300x217.jpg 300w, https:\/\/www.oz1hq.dk\/wp-content\/uploads\/2024\/09\/OZ8ZN-768x556.jpg 768w, https:\/\/www.oz1hq.dk\/wp-content\/uploads\/2024\/09\/OZ8ZN-1536x1112.jpg 1536w, https:\/\/www.oz1hq.dk\/wp-content\/uploads\/2024\/09\/OZ8ZN-1200x869.jpg 1200w, https:\/\/www.oz1hq.dk\/wp-content\/uploads\/2024\/09\/OZ8ZN.jpg 1713w\" sizes=\"auto, (max-width: 1024px) 100vw, 1024px\" \/><\/a><\/figure>\n<\/figure>\n\n\n\n<hr class=\"wp-block-separator has-alpha-channel-opacity\"\/>\n\n\n\n<figure class=\"wp-block-gallery aligncenter has-nested-images columns-default wp-block-gallery-2 is-layout-flex wp-block-gallery-is-layout-flex\">\n<figure class=\"wp-block-image size-full\"><img loading=\"lazy\" decoding=\"async\" width=\"1400\" height=\"772\" data-id=\"2094\" src=\"https:\/\/www.oz1hq.dk\/wp-content\/uploads\/2024\/07\/Invitation-EN.jpg\" alt=\"\" class=\"wp-image-2094\" srcset=\"https:\/\/www.oz1hq.dk\/wp-content\/uploads\/2024\/07\/Invitation-EN.jpg 1400w, https:\/\/www.oz1hq.dk\/wp-content\/uploads\/2024\/07\/Invitation-EN-300x165.jpg 300w, https:\/\/www.oz1hq.dk\/wp-content\/uploads\/2024\/07\/Invitation-EN-1024x565.jpg 1024w, https:\/\/www.oz1hq.dk\/wp-content\/uploads\/2024\/07\/Invitation-EN-768x423.jpg 768w, https:\/\/www.oz1hq.dk\/wp-content\/uploads\/2024\/07\/Invitation-EN-1200x662.jpg 1200w\" sizes=\"auto, (max-width: 1400px) 100vw, 1400px\" \/><\/figure>\n<\/figure>\n\n\n<div class=\"wp-block-image\">\n<figure class=\"alignright size-full is-resized\"><img loading=\"lazy\" decoding=\"async\" width=\"529\" height=\"340\" src=\"https:\/\/www.oz1hq.dk\/wp-content\/uploads\/2024\/07\/IZ4EKI_5P60IOTA-8_FT8_107483.png\" alt=\"\" class=\"wp-image-2046\" style=\"width:384px;height:auto\" srcset=\"https:\/\/www.oz1hq.dk\/wp-content\/uploads\/2024\/07\/IZ4EKI_5P60IOTA-8_FT8_107483.png 529w, https:\/\/www.oz1hq.dk\/wp-content\/uploads\/2024\/07\/IZ4EKI_5P60IOTA-8_FT8_107483-300x193.png 300w\" sizes=\"auto, (max-width: 529px) 100vw, 529px\" \/><figcaption class=\"wp-element-caption\">IZ4EKI &#8211; <br>Det f\u00f8rste QSL <br>modtaget 2-7-2024 kl. 22:28<\/figcaption><\/figure>\n<\/div>\n\n\n<p>Her finder du de sidste nye opdaterede vejledninger<\/p>\n\n\n\n<p><a href=\"https:\/\/oz1hq.dk\/IOTA60\/OPERATOR.pdf\">Log indhold<\/a><br><a href=\"https:\/\/oz1hq.dk\/IOTA60\/Diplom.pdf\">Diplom.pdf<\/a><br><a href=\"https:\/\/oz1hq.dk\/IOTA60\/Intro.pdf\">Intro.pdf<\/a><br><a href=\"https:\/\/oz1hq.dk\/IOTA60\/islands.pdf\">\u00d8er.pdf<\/a><br><a href=\"https:\/\/oz1hq.dk\/IOTA60\/Kalenderen.pdf\">Kalenderen.pdf<\/a><br><a href=\"https:\/\/oz1hq.dk\/IOTA60\/OP-Regler.pdf\">OP-Regler.pdf<\/a><\/p>\n\n\n\n<hr class=\"wp-block-separator has-alpha-channel-opacity\"\/>\n\n\n<div class=\"wp-block-image\">\n<figure class=\"aligncenter size-full\"><img loading=\"lazy\" decoding=\"async\" width=\"1000\" height=\"406\" src=\"https:\/\/www.oz1hq.dk\/wp-content\/uploads\/2024\/07\/EDR-EVENT.png\" alt=\"\" class=\"wp-image-2067\" srcset=\"https:\/\/www.oz1hq.dk\/wp-content\/uploads\/2024\/07\/EDR-EVENT.png 1000w, https:\/\/www.oz1hq.dk\/wp-content\/uploads\/2024\/07\/EDR-EVENT-300x122.png 300w, https:\/\/www.oz1hq.dk\/wp-content\/uploads\/2024\/07\/EDR-EVENT-768x312.png 768w\" sizes=\"auto, (max-width: 1000px) 100vw, 1000px\" \/><\/figure>\n<\/div>","protected":false},"excerpt":{"rendered":"<p>Experimenterende Danske Radioamat\u00f8rer aktiverede Special Event Stationer i Danmark for at fejre IOTA jubil\u00e6et1. juli til 31. august 2024 og der var forskellige aktiviteter fra b\u00e5de \u00f8-faste radioamat\u00f8rstationer og fra \u00f8-ekspeditioner til nogle af de 101 danske IOTA-\u00f8er. Du finder en analyse af loggene HER Der blev produceret og udsendt plaketter: Herunder finder du dit [&hellip;]<\/p>\n","protected":false},"author":1,"featured_media":2116,"parent":0,"menu_order":0,"comment_status":"closed","ping_status":"closed","template":"","meta":{"footnotes":""},"class_list":["post-2037","page","type-page","status-publish","has-post-thumbnail","hentry"],"_links":{"self":[{"href":"https:\/\/www.oz1hq.dk\/index.php?rest_route=\/wp\/v2\/pages\/2037","targetHints":{"allow":["GET"]}}],"collection":[{"href":"https:\/\/www.oz1hq.dk\/index.php?rest_route=\/wp\/v2\/pages"}],"about":[{"href":"https:\/\/www.oz1hq.dk\/index.php?rest_route=\/wp\/v2\/types\/page"}],"author":[{"embeddable":true,"href":"https:\/\/www.oz1hq.dk\/index.php?rest_route=\/wp\/v2\/users\/1"}],"replies":[{"embeddable":true,"href":"https:\/\/www.oz1hq.dk\/index.php?rest_route=%2Fwp%2Fv2%2Fcomments&post=2037"}],"version-history":[{"count":25,"href":"https:\/\/www.oz1hq.dk\/index.php?rest_route=\/wp\/v2\/pages\/2037\/revisions"}],"predecessor-version":[{"id":2203,"href":"https:\/\/www.oz1hq.dk\/index.php?rest_route=\/wp\/v2\/pages\/2037\/revisions\/2203"}],"wp:featuredmedia":[{"embeddable":true,"href":"https:\/\/www.oz1hq.dk\/index.php?rest_route=\/wp\/v2\/media\/2116"}],"wp:attachment":[{"href":"https:\/\/www.oz1hq.dk\/index.php?rest_route=%2Fwp%2Fv2%2Fmedia&parent=2037"}],"curies":[{"name":"wp","href":"https:\/\/api.w.org\/{rel}","templated":true}]}}