{"id":1854,"date":"2024-01-01T23:43:01","date_gmt":"2024-01-01T22:43:01","guid":{"rendered":"https:\/\/www.oz1hq.dk\/?page_id=1854"},"modified":"2024-01-01T23:43:01","modified_gmt":"2024-01-01T22:43:01","slug":"rejseinfo","status":"publish","type":"page","link":"https:\/\/www.oz1hq.dk\/?page_id=1854","title":{"rendered":"Rejseinfo"},"content":{"rendered":"\n<p><em>OZ2I Henning Andresen<\/em><\/p>\n\n\n<div class=\"wp-block-image\">\n<figure class=\"alignright size-full is-resized\"><img loading=\"lazy\" decoding=\"async\" width=\"512\" height=\"512\" src=\"https:\/\/www.oz1hq.dk\/wp-content\/uploads\/2020\/06\/cropped-edr_HQ_logo-1.png\" alt=\"\" class=\"wp-image-70\" style=\"width:173px;height:auto\" srcset=\"https:\/\/www.oz1hq.dk\/wp-content\/uploads\/2020\/06\/cropped-edr_HQ_logo-1.png 512w, https:\/\/www.oz1hq.dk\/wp-content\/uploads\/2020\/06\/cropped-edr_HQ_logo-1-300x300.png 300w, https:\/\/www.oz1hq.dk\/wp-content\/uploads\/2020\/06\/cropped-edr_HQ_logo-1-150x150.png 150w, https:\/\/www.oz1hq.dk\/wp-content\/uploads\/2020\/06\/cropped-edr_HQ_logo-1-270x270.png 270w, https:\/\/www.oz1hq.dk\/wp-content\/uploads\/2020\/06\/cropped-edr_HQ_logo-1-192x192.png 192w, https:\/\/www.oz1hq.dk\/wp-content\/uploads\/2020\/06\/cropped-edr_HQ_logo-1-180x180.png 180w, https:\/\/www.oz1hq.dk\/wp-content\/uploads\/2020\/06\/cropped-edr_HQ_logo-1-32x32.png 32w\" sizes=\"auto, (max-width: 512px) 100vw, 512px\" \/><\/figure>\n<\/div>\n\n\n<p><strong>Skal du ud at rejse?<\/strong><br>Og t\u00e6nker du p\u00e5 at tage din radio med i bagagen vil det v\u00e6re en god id\u00e9 at finde noget information omkring regler for amat\u00f8rradio i det land du vil bes\u00f8ge.<br>Her kan vores f\u00e6lles organisation IARU hj\u00e6lpe os med en del forskellig information hvoraf flere er ganske gode at kende til.<\/p>\n\n\n\n<p><strong>IARU<\/strong><br>International Amateur Radio Union &#8211; er den f\u00e6lles union som de fleste landsforeninger er medlem af &#8211; blandt andet vores egen forening EDR.<br>IARU har en hjemmeside med oplysninger om adresser til medlemslandenes hjemmesider og ofte ogs\u00e5 mail-adresser til at kontakte foreningerne. Sl\u00e5 op p\u00e5 siden:&nbsp;<a href=\"https:\/\/www.iaru.org\/reference\/member-societies\/\" target=\"_blank\" rel=\"noreferrer noopener\"><strong>Member Societies<\/strong><\/a><\/p>\n\n\n\n<p><strong>CEPT<\/strong><br>CEPT licens har du sikkert h\u00f8rt om og du finder den sidste opdaterede liste for A-certifikat indehavere p\u00e5:&nbsp;<a href=\"https:\/\/docdb.cept.org\/implementation\/925\" target=\"_blank\" rel=\"noreferrer noopener\"><strong>Implemented 925<\/strong><\/a><br>Har du B-certifikat kan du se en liste her:&nbsp;<a href=\"https:\/\/docdb.cept.org\/implementation\/1024\" target=\"_blank\" rel=\"noreferrer noopener\"><strong>Implemented 1024<\/strong><\/a><br>I \u00f8vrigt kan du finde en del information p\u00e5 den danske hjemmeside:&nbsp;<a href=\"http:\/\/operatorlicens.dk\/CEPT.html\" target=\"_blank\" rel=\"noreferrer noopener\"><strong>operatorlicens.dk\/CEPT.html<\/strong><\/a><br>P\u00e5 denne adresse kan du downloade en opdateret liste med CEPT lande og med b\u00e5ndplaner for de enkelte lande:&nbsp;<a href=\"https:\/\/files.darc.de\/index.php\/s\/CKT38kZP6miK7xf\" target=\"_blank\" rel=\"noreferrer noopener\"><strong>Countries with CEPT<\/strong><\/a>&nbsp; Denne liste vedligeholdes af DARC og skulle v\u00e6re helt dagsaktuel.<\/p>\n\n\n\n<p><strong>Kaldesignal<\/strong><br>Med CEPT licens tilf\u00f8jer du landets prefix og en skr\u00e5streg foran dit eget kaldesignal.<br>\u00d8nsker du selv at kontakte den nationale myndighed for at f\u00e5 udstedt et kaldesignal kan du finde en del adresser p\u00e5:&nbsp;<a href=\"https:\/\/en.wikipedia.org\/wiki\/List_of_telecommunications_regulatory_bodies\" target=\"_blank\" rel=\"noreferrer noopener\"><strong>WikipediA<\/strong><\/a>&nbsp;&#8211; Hvorn\u00e5r listen senest er opdateret p\u00e5 Wiki-siden ved jeg ikke, men det er et godt sted at starte.<\/p>\n\n\n\n<p>EU har en liste:&nbsp;<a href=\"https:\/\/digital-strategy.ec.europa.eu\/en\/policies\/telecommunications-national-regulatory-authorities\" target=\"_blank\" rel=\"noreferrer noopener\"><strong>European Commission<\/strong><\/a>&nbsp;og s\u00e5 har ITU selvf\u00f8lgelig ogs\u00e5 en p\u00e5:&nbsp;<a href=\"https:\/\/www.itu.int\/en\/ITU-R\/Pages\/default.aspx\" target=\"_blank\" rel=\"noreferrer noopener\"><strong>Connecting the World<\/strong><\/a><\/p>\n\n\n\n<hr class=\"wp-block-separator has-alpha-channel-opacity is-style-wide\"\/>\n\n\n<div class=\"wp-block-image\">\n<figure data-wp-context=\"{&quot;imageId&quot;:&quot;69f4d1db97bb4&quot;}\" data-wp-interactive=\"core\/image\" data-wp-key=\"69f4d1db97bb4\" class=\"aligncenter size-full wp-lightbox-container\"><img loading=\"lazy\" decoding=\"async\" width=\"977\" height=\"864\" data-wp-class--hide=\"state.isContentHidden\" data-wp-class--show=\"state.isContentVisible\" data-wp-init=\"callbacks.setButtonStyles\" data-wp-on--click=\"actions.showLightbox\" data-wp-on--load=\"callbacks.setButtonStyles\" data-wp-on-window--resize=\"callbacks.setButtonStyles\" src=\"https:\/\/www.oz1hq.dk\/wp-content\/uploads\/2024\/01\/image003.jpg\" alt=\"\" class=\"wp-image-1855\" srcset=\"https:\/\/www.oz1hq.dk\/wp-content\/uploads\/2024\/01\/image003.jpg 977w, https:\/\/www.oz1hq.dk\/wp-content\/uploads\/2024\/01\/image003-300x265.jpg 300w, https:\/\/www.oz1hq.dk\/wp-content\/uploads\/2024\/01\/image003-768x679.jpg 768w\" sizes=\"auto, (max-width: 977px) 100vw, 977px\" \/><button\n\t\t\tclass=\"lightbox-trigger\"\n\t\t\ttype=\"button\"\n\t\t\taria-haspopup=\"dialog\"\n\t\t\taria-label=\"Forst\u00f8r\"\n\t\t\tdata-wp-init=\"callbacks.initTriggerButton\"\n\t\t\tdata-wp-on--click=\"actions.showLightbox\"\n\t\t\tdata-wp-style--right=\"state.imageButtonRight\"\n\t\t\tdata-wp-style--top=\"state.imageButtonTop\"\n\t\t>\n\t\t\t<svg xmlns=\"http:\/\/www.w3.org\/2000\/svg\" width=\"12\" height=\"12\" fill=\"none\" viewBox=\"0 0 12 12\">\n\t\t\t\t<path fill=\"#fff\" d=\"M2 0a2 2 0 0 0-2 2v2h1.5V2a.5.5 0 0 1 .5-.5h2V0H2Zm2 10.5H2a.5.5 0 0 1-.5-.5V8H0v2a2 2 0 0 0 2 2h2v-1.5ZM8 12v-1.5h2a.5.5 0 0 0 .5-.5V8H12v2a2 2 0 0 1-2 2H8Zm2-12a2 2 0 0 1 2 2v2h-1.5V2a.5.5 0 0 0-.5-.5H8V0h2Z\" \/>\n\t\t\t<\/svg>\n\t\t<\/button><figcaption class=\"wp-element-caption\">Har du A-certifikat er herover en oversigt med CEPT tilladelser pr. 1. juli 2020<\/figcaption><\/figure>\n<\/div>\n\n<div class=\"wp-block-image\">\n<figure data-wp-context=\"{&quot;imageId&quot;:&quot;69f4d1db98085&quot;}\" data-wp-interactive=\"core\/image\" data-wp-key=\"69f4d1db98085\" class=\"aligncenter size-full wp-lightbox-container\"><img loading=\"lazy\" decoding=\"async\" width=\"994\" height=\"879\" data-wp-class--hide=\"state.isContentHidden\" data-wp-class--show=\"state.isContentVisible\" data-wp-init=\"callbacks.setButtonStyles\" data-wp-on--click=\"actions.showLightbox\" data-wp-on--load=\"callbacks.setButtonStyles\" data-wp-on-window--resize=\"callbacks.setButtonStyles\" src=\"https:\/\/www.oz1hq.dk\/wp-content\/uploads\/2024\/01\/image004.jpg\" alt=\"\" class=\"wp-image-1856\" srcset=\"https:\/\/www.oz1hq.dk\/wp-content\/uploads\/2024\/01\/image004.jpg 994w, https:\/\/www.oz1hq.dk\/wp-content\/uploads\/2024\/01\/image004-300x265.jpg 300w, https:\/\/www.oz1hq.dk\/wp-content\/uploads\/2024\/01\/image004-768x679.jpg 768w\" sizes=\"auto, (max-width: 994px) 100vw, 994px\" \/><button\n\t\t\tclass=\"lightbox-trigger\"\n\t\t\ttype=\"button\"\n\t\t\taria-haspopup=\"dialog\"\n\t\t\taria-label=\"Forst\u00f8r\"\n\t\t\tdata-wp-init=\"callbacks.initTriggerButton\"\n\t\t\tdata-wp-on--click=\"actions.showLightbox\"\n\t\t\tdata-wp-style--right=\"state.imageButtonRight\"\n\t\t\tdata-wp-style--top=\"state.imageButtonTop\"\n\t\t>\n\t\t\t<svg xmlns=\"http:\/\/www.w3.org\/2000\/svg\" width=\"12\" height=\"12\" fill=\"none\" viewBox=\"0 0 12 12\">\n\t\t\t\t<path fill=\"#fff\" d=\"M2 0a2 2 0 0 0-2 2v2h1.5V2a.5.5 0 0 1 .5-.5h2V0H2Zm2 10.5H2a.5.5 0 0 1-.5-.5V8H0v2a2 2 0 0 0 2 2h2v-1.5ZM8 12v-1.5h2a.5.5 0 0 0 .5-.5V8H12v2a2 2 0 0 1-2 2H8Zm2-12a2 2 0 0 1 2 2v2h-1.5V2a.5.5 0 0 0-.5-.5H8V0h2Z\" \/>\n\t\t\t<\/svg>\n\t\t<\/button><figcaption class=\"wp-element-caption\">Har du B-certifikat er her en oversigt over CEPT tilladelser pr. 1. juli 2020<\/figcaption><\/figure>\n<\/div>","protected":false},"excerpt":{"rendered":"<p>OZ2I Henning Andresen Skal du ud at rejse?Og t\u00e6nker du p\u00e5 at tage din radio med i bagagen vil det v\u00e6re en god id\u00e9 at finde noget information omkring regler for amat\u00f8rradio i det land du vil bes\u00f8ge.Her kan vores f\u00e6lles organisation IARU hj\u00e6lpe os med en del forskellig information hvoraf flere er ganske gode [&hellip;]<\/p>\n","protected":false},"author":1,"featured_media":0,"parent":0,"menu_order":0,"comment_status":"closed","ping_status":"closed","template":"","meta":{"footnotes":""},"class_list":["post-1854","page","type-page","status-publish","hentry"],"_links":{"self":[{"href":"https:\/\/www.oz1hq.dk\/index.php?rest_route=\/wp\/v2\/pages\/1854","targetHints":{"allow":["GET"]}}],"collection":[{"href":"https:\/\/www.oz1hq.dk\/index.php?rest_route=\/wp\/v2\/pages"}],"about":[{"href":"https:\/\/www.oz1hq.dk\/index.php?rest_route=\/wp\/v2\/types\/page"}],"author":[{"embeddable":true,"href":"https:\/\/www.oz1hq.dk\/index.php?rest_route=\/wp\/v2\/users\/1"}],"replies":[{"embeddable":true,"href":"https:\/\/www.oz1hq.dk\/index.php?rest_route=%2Fwp%2Fv2%2Fcomments&post=1854"}],"version-history":[{"count":1,"href":"https:\/\/www.oz1hq.dk\/index.php?rest_route=\/wp\/v2\/pages\/1854\/revisions"}],"predecessor-version":[{"id":1857,"href":"https:\/\/www.oz1hq.dk\/index.php?rest_route=\/wp\/v2\/pages\/1854\/revisions\/1857"}],"wp:attachment":[{"href":"https:\/\/www.oz1hq.dk\/index.php?rest_route=%2Fwp%2Fv2%2Fmedia&parent=1854"}],"curies":[{"name":"wp","href":"https:\/\/api.w.org\/{rel}","templated":true}]}}