{"id":1760,"date":"2023-10-21T23:46:19","date_gmt":"2023-10-21T21:46:19","guid":{"rendered":"https:\/\/www.oz1hq.dk\/?page_id=1760"},"modified":"2024-04-15T14:07:59","modified_gmt":"2024-04-15T12:07:59","slug":"oz18ice","status":"publish","type":"page","link":"https:\/\/www.oz1hq.dk\/?page_id=1760","title":{"rendered":"OZ18ICE"},"content":{"rendered":"\n<figure class=\"wp-block-image size-large\"><img loading=\"lazy\" decoding=\"async\" width=\"1024\" height=\"326\" src=\"https:\/\/www.oz1hq.dk\/wp-content\/uploads\/2023\/10\/OZ18ICE-Logo-1024x326.png\" alt=\"\" class=\"wp-image-1761\" srcset=\"https:\/\/www.oz1hq.dk\/wp-content\/uploads\/2023\/10\/OZ18ICE-Logo-1024x326.png 1024w, https:\/\/www.oz1hq.dk\/wp-content\/uploads\/2023\/10\/OZ18ICE-Logo-300x95.png 300w, https:\/\/www.oz1hq.dk\/wp-content\/uploads\/2023\/10\/OZ18ICE-Logo-768x244.png 768w, https:\/\/www.oz1hq.dk\/wp-content\/uploads\/2023\/10\/OZ18ICE-Logo-1200x382.png 1200w, https:\/\/www.oz1hq.dk\/wp-content\/uploads\/2023\/10\/OZ18ICE-Logo.png 1236w\" sizes=\"auto, (max-width: 1024px) 100vw, 1024px\" \/><\/figure>\n\n\n\n<p>Dette er den officielle side for EDR&#8217;s Is Hockey event maj 2018.<\/p>\n\n\n\n<p><strong>QSO nummer 10.000<\/strong>&nbsp;blev k\u00f8rt den 20. maj klokken 21:27 UTC. Det foregik p\u00e5 40 meter b\u00e5ndet ved hj\u00e6lp af CW og operat\u00f8ren var OZ3SM med kaldesignalet OZ18ICE.<\/p>\n\n\n<div class=\"wp-block-image\">\n<figure class=\"aligncenter size-full is-resized\"><img loading=\"lazy\" decoding=\"async\" width=\"836\" height=\"531\" src=\"https:\/\/www.oz1hq.dk\/wp-content\/uploads\/2023\/10\/QSL-OZ18ICE-front.jpg\" alt=\"\" class=\"wp-image-1762\" style=\"width:500px\" srcset=\"https:\/\/www.oz1hq.dk\/wp-content\/uploads\/2023\/10\/QSL-OZ18ICE-front.jpg 836w, https:\/\/www.oz1hq.dk\/wp-content\/uploads\/2023\/10\/QSL-OZ18ICE-front-300x191.jpg 300w, https:\/\/www.oz1hq.dk\/wp-content\/uploads\/2023\/10\/QSL-OZ18ICE-front-768x488.jpg 768w\" sizes=\"auto, (max-width: 836px) 100vw, 836px\" \/><\/figure>\n<\/div>\n\n\n<p>I alt er der k\u00f8rt&nbsp;<strong>11.139 QSO&#8217;er<\/strong>&nbsp;med de to kaldesignaler.<br>Indtil i dag (12\/6-2018) er der udstedt ialt 73 diplomer fordelt s\u00e5ledes:<br>DX= 1 Guld, 2 S\u00f8lv, 2 Bronze<br>EU= 6 Guld, 20 S\u00f8lv, 39 Bronze<br>OZ= 1 Guld, 1 S\u00f8lv, 2 Bronze<br>Tak til Awardmanager OZ4CG for oplysninger<\/p>\n\n\n\n<p>Tak for endnu en vellykket aktivitet fra OZ.<br>73 de OZ1ACB, OZ4CG, OZ1BII<\/p>\n\n\n\n<figure class=\"wp-block-gallery has-nested-images columns-2 is-cropped wp-block-gallery-1 is-layout-flex wp-block-gallery-is-layout-flex\">\n<figure class=\"wp-block-image size-large\"><a href=\"https:\/\/www.oz1hq.dk\/wp-content\/uploads\/2023\/10\/CERT-5P1KZX.jpg\"><img loading=\"lazy\" decoding=\"async\" width=\"1024\" height=\"724\" data-id=\"1771\" src=\"https:\/\/www.oz1hq.dk\/wp-content\/uploads\/2023\/10\/CERT-5P1KZX-1024x724.jpg\" alt=\"\" class=\"wp-image-1771\" srcset=\"https:\/\/www.oz1hq.dk\/wp-content\/uploads\/2023\/10\/CERT-5P1KZX-1024x724.jpg 1024w, https:\/\/www.oz1hq.dk\/wp-content\/uploads\/2023\/10\/CERT-5P1KZX-300x212.jpg 300w, https:\/\/www.oz1hq.dk\/wp-content\/uploads\/2023\/10\/CERT-5P1KZX-768x543.jpg 768w, https:\/\/www.oz1hq.dk\/wp-content\/uploads\/2023\/10\/CERT-5P1KZX-1536x1085.jpg 1536w, https:\/\/www.oz1hq.dk\/wp-content\/uploads\/2023\/10\/CERT-5P1KZX-1200x848.jpg 1200w, https:\/\/www.oz1hq.dk\/wp-content\/uploads\/2023\/10\/CERT-5P1KZX.jpg 1701w\" sizes=\"auto, (max-width: 1024px) 100vw, 1024px\" \/><\/a><\/figure>\n\n\n\n<figure class=\"wp-block-image size-large\"><img loading=\"lazy\" decoding=\"async\" width=\"1024\" height=\"724\" data-id=\"1774\" src=\"https:\/\/www.oz1hq.dk\/wp-content\/uploads\/2023\/10\/CERT-OZ1BII-1024x724.jpg\" alt=\"\" class=\"wp-image-1774\" srcset=\"https:\/\/www.oz1hq.dk\/wp-content\/uploads\/2023\/10\/CERT-OZ1BII-1024x724.jpg 1024w, https:\/\/www.oz1hq.dk\/wp-content\/uploads\/2023\/10\/CERT-OZ1BII-300x212.jpg 300w, https:\/\/www.oz1hq.dk\/wp-content\/uploads\/2023\/10\/CERT-OZ1BII-768x543.jpg 768w, https:\/\/www.oz1hq.dk\/wp-content\/uploads\/2023\/10\/CERT-OZ1BII-1536x1085.jpg 1536w, https:\/\/www.oz1hq.dk\/wp-content\/uploads\/2023\/10\/CERT-OZ1BII-1200x848.jpg 1200w, https:\/\/www.oz1hq.dk\/wp-content\/uploads\/2023\/10\/CERT-OZ1BII.jpg 1701w\" sizes=\"auto, (max-width: 1024px) 100vw, 1024px\" \/><\/figure>\n\n\n\n<figure class=\"wp-block-image size-large\"><img loading=\"lazy\" decoding=\"async\" width=\"1024\" height=\"724\" data-id=\"1777\" src=\"https:\/\/www.oz1hq.dk\/wp-content\/uploads\/2023\/10\/CERT-OZ1IKY-1024x724.jpg\" alt=\"\" class=\"wp-image-1777\" srcset=\"https:\/\/www.oz1hq.dk\/wp-content\/uploads\/2023\/10\/CERT-OZ1IKY-1024x724.jpg 1024w, https:\/\/www.oz1hq.dk\/wp-content\/uploads\/2023\/10\/CERT-OZ1IKY-300x212.jpg 300w, https:\/\/www.oz1hq.dk\/wp-content\/uploads\/2023\/10\/CERT-OZ1IKY-768x543.jpg 768w, https:\/\/www.oz1hq.dk\/wp-content\/uploads\/2023\/10\/CERT-OZ1IKY-1536x1085.jpg 1536w, https:\/\/www.oz1hq.dk\/wp-content\/uploads\/2023\/10\/CERT-OZ1IKY-1200x848.jpg 1200w, https:\/\/www.oz1hq.dk\/wp-content\/uploads\/2023\/10\/CERT-OZ1IKY.jpg 1701w\" sizes=\"auto, (max-width: 1024px) 100vw, 1024px\" \/><\/figure>\n\n\n\n<figure class=\"wp-block-image size-large\"><img loading=\"lazy\" decoding=\"async\" width=\"1024\" height=\"724\" data-id=\"1780\" src=\"https:\/\/www.oz1hq.dk\/wp-content\/uploads\/2023\/10\/CERT-OZ1THC-1024x724.jpg\" alt=\"\" class=\"wp-image-1780\" srcset=\"https:\/\/www.oz1hq.dk\/wp-content\/uploads\/2023\/10\/CERT-OZ1THC-1024x724.jpg 1024w, https:\/\/www.oz1hq.dk\/wp-content\/uploads\/2023\/10\/CERT-OZ1THC-300x212.jpg 300w, https:\/\/www.oz1hq.dk\/wp-content\/uploads\/2023\/10\/CERT-OZ1THC-768x543.jpg 768w, https:\/\/www.oz1hq.dk\/wp-content\/uploads\/2023\/10\/CERT-OZ1THC-1536x1085.jpg 1536w, https:\/\/www.oz1hq.dk\/wp-content\/uploads\/2023\/10\/CERT-OZ1THC-1200x848.jpg 1200w, https:\/\/www.oz1hq.dk\/wp-content\/uploads\/2023\/10\/CERT-OZ1THC.jpg 1701w\" sizes=\"auto, (max-width: 1024px) 100vw, 1024px\" \/><\/figure>\n\n\n\n<figure class=\"wp-block-image size-large\"><img loading=\"lazy\" decoding=\"async\" width=\"1024\" height=\"724\" data-id=\"1776\" src=\"https:\/\/www.oz1hq.dk\/wp-content\/uploads\/2023\/10\/CERT-OZ1AAR-1024x724.jpg\" alt=\"\" class=\"wp-image-1776\" srcset=\"https:\/\/www.oz1hq.dk\/wp-content\/uploads\/2023\/10\/CERT-OZ1AAR-1024x724.jpg 1024w, https:\/\/www.oz1hq.dk\/wp-content\/uploads\/2023\/10\/CERT-OZ1AAR-300x212.jpg 300w, https:\/\/www.oz1hq.dk\/wp-content\/uploads\/2023\/10\/CERT-OZ1AAR-768x543.jpg 768w, https:\/\/www.oz1hq.dk\/wp-content\/uploads\/2023\/10\/CERT-OZ1AAR-1536x1085.jpg 1536w, https:\/\/www.oz1hq.dk\/wp-content\/uploads\/2023\/10\/CERT-OZ1AAR-1200x848.jpg 1200w, https:\/\/www.oz1hq.dk\/wp-content\/uploads\/2023\/10\/CERT-OZ1AAR.jpg 1701w\" sizes=\"auto, (max-width: 1024px) 100vw, 1024px\" \/><\/figure>\n\n\n\n<figure class=\"wp-block-image size-large\"><a href=\"https:\/\/www.oz1hq.dk\/wp-content\/uploads\/2023\/10\/CERT-OZ2PBS.jpg\"><img loading=\"lazy\" decoding=\"async\" width=\"1024\" height=\"724\" data-id=\"1770\" src=\"https:\/\/www.oz1hq.dk\/wp-content\/uploads\/2023\/10\/CERT-OZ2PBS-1024x724.jpg\" alt=\"\" class=\"wp-image-1770\" srcset=\"https:\/\/www.oz1hq.dk\/wp-content\/uploads\/2023\/10\/CERT-OZ2PBS-1024x724.jpg 1024w, https:\/\/www.oz1hq.dk\/wp-content\/uploads\/2023\/10\/CERT-OZ2PBS-300x212.jpg 300w, https:\/\/www.oz1hq.dk\/wp-content\/uploads\/2023\/10\/CERT-OZ2PBS-768x543.jpg 768w, https:\/\/www.oz1hq.dk\/wp-content\/uploads\/2023\/10\/CERT-OZ2PBS-1536x1085.jpg 1536w, https:\/\/www.oz1hq.dk\/wp-content\/uploads\/2023\/10\/CERT-OZ2PBS-1200x848.jpg 1200w, https:\/\/www.oz1hq.dk\/wp-content\/uploads\/2023\/10\/CERT-OZ2PBS.jpg 1701w\" sizes=\"auto, (max-width: 1024px) 100vw, 1024px\" \/><\/a><\/figure>\n\n\n\n<figure class=\"wp-block-image size-large\"><img loading=\"lazy\" decoding=\"async\" width=\"1024\" height=\"724\" data-id=\"1778\" src=\"https:\/\/www.oz1hq.dk\/wp-content\/uploads\/2023\/10\/CERT-OZ3SM-1024x724.jpg\" alt=\"\" class=\"wp-image-1778\" srcset=\"https:\/\/www.oz1hq.dk\/wp-content\/uploads\/2023\/10\/CERT-OZ3SM-1024x724.jpg 1024w, https:\/\/www.oz1hq.dk\/wp-content\/uploads\/2023\/10\/CERT-OZ3SM-300x212.jpg 300w, https:\/\/www.oz1hq.dk\/wp-content\/uploads\/2023\/10\/CERT-OZ3SM-768x543.jpg 768w, https:\/\/www.oz1hq.dk\/wp-content\/uploads\/2023\/10\/CERT-OZ3SM-1536x1085.jpg 1536w, https:\/\/www.oz1hq.dk\/wp-content\/uploads\/2023\/10\/CERT-OZ3SM-1200x848.jpg 1200w, https:\/\/www.oz1hq.dk\/wp-content\/uploads\/2023\/10\/CERT-OZ3SM.jpg 1701w\" sizes=\"auto, (max-width: 1024px) 100vw, 1024px\" \/><\/figure>\n\n\n\n<figure class=\"wp-block-image size-large\"><img loading=\"lazy\" decoding=\"async\" width=\"1024\" height=\"724\" data-id=\"1772\" src=\"https:\/\/www.oz1hq.dk\/wp-content\/uploads\/2023\/10\/CERT-OZ4CG-1024x724.jpg\" alt=\"\" class=\"wp-image-1772\" srcset=\"https:\/\/www.oz1hq.dk\/wp-content\/uploads\/2023\/10\/CERT-OZ4CG-1024x724.jpg 1024w, https:\/\/www.oz1hq.dk\/wp-content\/uploads\/2023\/10\/CERT-OZ4CG-300x212.jpg 300w, https:\/\/www.oz1hq.dk\/wp-content\/uploads\/2023\/10\/CERT-OZ4CG-768x543.jpg 768w, https:\/\/www.oz1hq.dk\/wp-content\/uploads\/2023\/10\/CERT-OZ4CG-1536x1085.jpg 1536w, https:\/\/www.oz1hq.dk\/wp-content\/uploads\/2023\/10\/CERT-OZ4CG-1200x848.jpg 1200w, https:\/\/www.oz1hq.dk\/wp-content\/uploads\/2023\/10\/CERT-OZ4CG.jpg 1701w\" sizes=\"auto, (max-width: 1024px) 100vw, 1024px\" \/><\/figure>\n\n\n\n<figure class=\"wp-block-image size-large\"><img loading=\"lazy\" decoding=\"async\" width=\"1024\" height=\"724\" data-id=\"1779\" src=\"https:\/\/www.oz1hq.dk\/wp-content\/uploads\/2023\/10\/CERT-OZ4FF-1024x724.jpg\" alt=\"\" class=\"wp-image-1779\" srcset=\"https:\/\/www.oz1hq.dk\/wp-content\/uploads\/2023\/10\/CERT-OZ4FF-1024x724.jpg 1024w, https:\/\/www.oz1hq.dk\/wp-content\/uploads\/2023\/10\/CERT-OZ4FF-300x212.jpg 300w, https:\/\/www.oz1hq.dk\/wp-content\/uploads\/2023\/10\/CERT-OZ4FF-768x543.jpg 768w, https:\/\/www.oz1hq.dk\/wp-content\/uploads\/2023\/10\/CERT-OZ4FF-1536x1085.jpg 1536w, https:\/\/www.oz1hq.dk\/wp-content\/uploads\/2023\/10\/CERT-OZ4FF-1200x848.jpg 1200w, https:\/\/www.oz1hq.dk\/wp-content\/uploads\/2023\/10\/CERT-OZ4FF.jpg 1701w\" sizes=\"auto, (max-width: 1024px) 100vw, 1024px\" \/><\/figure>\n\n\n\n<figure class=\"wp-block-image size-large\"><img loading=\"lazy\" decoding=\"async\" width=\"1024\" height=\"724\" data-id=\"1773\" src=\"https:\/\/www.oz1hq.dk\/wp-content\/uploads\/2023\/10\/CERT-OZ4ZT-1024x724.jpg\" alt=\"\" class=\"wp-image-1773\" srcset=\"https:\/\/www.oz1hq.dk\/wp-content\/uploads\/2023\/10\/CERT-OZ4ZT-1024x724.jpg 1024w, https:\/\/www.oz1hq.dk\/wp-content\/uploads\/2023\/10\/CERT-OZ4ZT-300x212.jpg 300w, https:\/\/www.oz1hq.dk\/wp-content\/uploads\/2023\/10\/CERT-OZ4ZT-768x543.jpg 768w, https:\/\/www.oz1hq.dk\/wp-content\/uploads\/2023\/10\/CERT-OZ4ZT-1536x1085.jpg 1536w, https:\/\/www.oz1hq.dk\/wp-content\/uploads\/2023\/10\/CERT-OZ4ZT-1200x848.jpg 1200w, https:\/\/www.oz1hq.dk\/wp-content\/uploads\/2023\/10\/CERT-OZ4ZT.jpg 1701w\" sizes=\"auto, (max-width: 1024px) 100vw, 1024px\" \/><\/figure>\n\n\n\n<figure class=\"wp-block-image size-large\"><img loading=\"lazy\" decoding=\"async\" width=\"1024\" height=\"724\" data-id=\"1775\" src=\"https:\/\/www.oz1hq.dk\/wp-content\/uploads\/2023\/10\/CERT-OZ8AGB-1024x724.jpg\" alt=\"\" class=\"wp-image-1775\" srcset=\"https:\/\/www.oz1hq.dk\/wp-content\/uploads\/2023\/10\/CERT-OZ8AGB-1024x724.jpg 1024w, https:\/\/www.oz1hq.dk\/wp-content\/uploads\/2023\/10\/CERT-OZ8AGB-300x212.jpg 300w, https:\/\/www.oz1hq.dk\/wp-content\/uploads\/2023\/10\/CERT-OZ8AGB-768x543.jpg 768w, https:\/\/www.oz1hq.dk\/wp-content\/uploads\/2023\/10\/CERT-OZ8AGB-1536x1085.jpg 1536w, https:\/\/www.oz1hq.dk\/wp-content\/uploads\/2023\/10\/CERT-OZ8AGB-1200x848.jpg 1200w, https:\/\/www.oz1hq.dk\/wp-content\/uploads\/2023\/10\/CERT-OZ8AGB.jpg 1701w\" sizes=\"auto, (max-width: 1024px) 100vw, 1024px\" \/><\/figure>\n<\/figure>\n\n\n\n<hr class=\"wp-block-separator has-alpha-channel-opacity\"\/>\n\n\n\n<h2 class=\"wp-block-heading has-normal-font-size\">\u00d8nsker du at v\u00e6re med som operat\u00f8r kan du l\u00e6se reglerne herunder.<\/h2>\n\n\n\n<h2 class=\"wp-block-heading has-small-font-size\">Generelle regler for deltagelse i OZ18ICE eventen<\/h2>\n\n\n\n<p>Eventen k\u00f8rer fra 1. maj 2018 00:00 UTC til 23. maj 2018 23:59 UTC og vi har to kaldesignaler.<br>5P8ICE er til brug for alle digi-modes samt Phone og CW.<br>OZ18ICE er kun til brug for Phone og CW modes.<\/p>\n\n\n\n<p><strong>Deltagelse i eventen, som operat\u00f8r, er \u00e5ben for alle licenserede radioamat\u00f8rer i Danmark.<\/strong><br>For at v\u00e6re operat\u00f8r p\u00e5 OZ18ICE eller 5P8ICE, skal du v\u00e6re registreret. Det g\u00f8r du ved at sende en mail med oplysning om navn, QTH, kaldesignal, e-mail adresse og gerne hvilke modes du vil bruge.<br>Send din tilmelding til OZ1BII@edr.dk<\/p>\n\n\n\n<p><strong>Intern kommunikation<\/strong><br>Operat\u00f8rerne benytter den f\u00e6lles e-mailadresse til internt brug: 18ice@oz1hq.dk<br>N\u00e5r du skriver til denne e-mail adresse vil alle operat\u00f8rer, inklusiv dig selv, f\u00e5 en e-mail.<br>HUSK OGS\u00c5 AT SVARE TIL DEN OPLYSTE E-MAIL ADRESSE, s\u00e5 alle i teamet kan f\u00e5 svar.<br>Har du sp\u00f8rgsm\u00e5l eller problemer, s\u00e5 drop en e-mail til 18ice@oz1hq.dk<\/p>\n\n\n\n<p><strong>Aktivitet<\/strong><br>Inden du starter skal du tjekke ICE-Kalenderen for at se om der er andre aktive i gang. Husk kun \u00e9n p\u00e5 hvert b\u00e5nd med samme Mode og kaldesignal p\u00e5 samme tid. N\u00e5r du \u00f8nsker at v\u00e6re aktiv, s\u00e5 opret en reservation i kalenderen med tidspunkt, b\u00e5nd, kaldesignal og mode.<br>Kalenderen finder du p\u00e5:&nbsp;<a href=\"http:\/\/www.supersaas.dk\/schedule\/oz18ice\" target=\"_blank\" rel=\"noreferrer noopener\">http:\/\/www.supersaas.dk\/schedule\/oz18ice<\/a>. Adgangskode tilsendes de tilmeldte.<\/p>\n\n\n\n<p><strong>Aflevering af LOG<\/strong><br>Det er vigtigt, at du har et logprogram, der kan lave en ADIF fil. ADIF er det eneste format som godkendes.<br>Din log skal navngives: &#8220;OZ18ICE-XXXXXX.log&#8221; eller &#8220;5P8ICE-XXXXXX.log&#8221; &#8211; XXXXXX= dit eget kaldesignal.<br>Minimum en gang for hver dag du er aktiv, bedes du sende din log med nye forbindelser. Det er vigtigt at navngive din log-fil korrekt og det er vigtigt at du har udfyldt OPERATOR og STATION-CALLSIGN inde i logprogrammet s\u00e5 det kommer med i ADI-filen. Vejledning tilsendes de tilmeldte. Log sendes til OZ1BII@edr.dk<\/p>\n\n\n\n<p><strong>Godkendelse af QSO&#8217;er til opn\u00e5else af diplomet<\/strong><br>En gyldig QSO skal v\u00e6re mellem 2 forskellige stationer og 2 forskellige operat\u00f8rer.<br>Det er tilladt at aftale en sked f\u00f8rst.<\/p>\n\n\n\n<p><strong>Etiske regler og operationsprocedurer.<\/strong><br>Eventen afvikles i overensstemmelse med &#8220;etiske regler og operationsprocedurer&#8221; udgivet af IARU &#8211; 3. Udgave (Juli 2010) Af John Devoldere, ON4UN og Mark Demeuleneere, ON4WW. P\u00e5 dansk ved Erik Jensen, EDR, og J\u00f8rgen Arnvig, OZ4RT.\u00a0<\/p>\n\n\n\n<p><strong>Deltagercertifikat<\/strong><br>Alle aktive operat\u00f8rer kan downloade et specielt certifikat. For at v\u00e6re aktiv skal operat\u00f8ren k\u00f8re mere end 75 QSO&#8217;er i l\u00f8bet af eventen.<\/p>\n\n\n\n<p>Event manager er OZ1BII, sp\u00f8rgsm\u00e5l kan sendes til OZ1BII@EDR.dk<br>QSL manager er OZ1ACB, alle QSL sp\u00f8rgsm\u00e5l sendes til OZ1ACB@wiland.dk<br>Award manager er OZ4CG, alle Diplom sp\u00f8rgsm\u00e5l kan sendes til OZ4CG@live.dk<br>Licens ansvarlig er OZ1BII, sp\u00f8rgsm\u00e5l kan sendes til OZ1BII@EDR.dk<br>Presse via OZ4FF<\/p>\n","protected":false},"excerpt":{"rendered":"<p>Dette er den officielle side for EDR&#8217;s Is Hockey event maj 2018. QSO nummer 10.000&nbsp;blev k\u00f8rt den 20. maj klokken 21:27 UTC. Det foregik p\u00e5 40 meter b\u00e5ndet ved hj\u00e6lp af CW og operat\u00f8ren var OZ3SM med kaldesignalet OZ18ICE. I alt er der k\u00f8rt&nbsp;11.139 QSO&#8217;er&nbsp;med de to kaldesignaler.Indtil i dag (12\/6-2018) er der udstedt ialt [&hellip;]<\/p>\n","protected":false},"author":1,"featured_media":0,"parent":0,"menu_order":0,"comment_status":"closed","ping_status":"closed","template":"","meta":{"footnotes":""},"class_list":["post-1760","page","type-page","status-publish","hentry"],"_links":{"self":[{"href":"https:\/\/www.oz1hq.dk\/index.php?rest_route=\/wp\/v2\/pages\/1760","targetHints":{"allow":["GET"]}}],"collection":[{"href":"https:\/\/www.oz1hq.dk\/index.php?rest_route=\/wp\/v2\/pages"}],"about":[{"href":"https:\/\/www.oz1hq.dk\/index.php?rest_route=\/wp\/v2\/types\/page"}],"author":[{"embeddable":true,"href":"https:\/\/www.oz1hq.dk\/index.php?rest_route=\/wp\/v2\/users\/1"}],"replies":[{"embeddable":true,"href":"https:\/\/www.oz1hq.dk\/index.php?rest_route=%2Fwp%2Fv2%2Fcomments&post=1760"}],"version-history":[{"count":9,"href":"https:\/\/www.oz1hq.dk\/index.php?rest_route=\/wp\/v2\/pages\/1760\/revisions"}],"predecessor-version":[{"id":1977,"href":"https:\/\/www.oz1hq.dk\/index.php?rest_route=\/wp\/v2\/pages\/1760\/revisions\/1977"}],"wp:attachment":[{"href":"https:\/\/www.oz1hq.dk\/index.php?rest_route=%2Fwp%2Fv2%2Fmedia&parent=1760"}],"curies":[{"name":"wp","href":"https:\/\/api.w.org\/{rel}","templated":true}]}}