{"id":1645,"date":"2023-10-21T06:08:28","date_gmt":"2023-10-21T04:08:28","guid":{"rendered":"https:\/\/www.oz1hq.dk\/?page_id=1645"},"modified":"2023-10-30T16:42:11","modified_gmt":"2023-10-30T15:42:11","slug":"jutlandia","status":"publish","type":"page","link":"https:\/\/www.oz1hq.dk\/?page_id=1645","title":{"rendered":"JUTLANDIA &#8211; 2021"},"content":{"rendered":"\n<h4 class=\"wp-block-heading\"><strong>Det Danske hospitalsskib Jutlandia 1951<\/strong><\/h4>\n\n\n\n<p>I anledningen af 70-\u00e5ret for denne begivenhed aktiverer Experimenterende Danske Radioamat\u00f8rer en s\u00e6rlig radiostation med kaldesignalet OV\u00d8JUTLANDIA og OV70JUT.<\/p>\n\n\n\n<p>I perioden fra 1. februar 00: 00 UTC til 31. marts 23: 59 UTC vil disse kaldesignaler v\u00e6re aktiv p\u00e5 de fleste amat\u00f8rradiob\u00e5nd med CW, SSB og DIGI Mode. Alle HF b\u00e5nd, inklusive WARC-b\u00e5nd, og alle Modes kan bruges.<\/p>\n\n\n\n<p>Se her for resultater:   <a rel=\"noreferrer noopener\" href=\"http:\/\/oz1hq.dk\/sh5\/2021-OV0JUTLANDIA\" target=\"_blank\">OV0JUTLANDIA<\/a>    <a rel=\"noreferrer noopener\" href=\"https:\/\/oz1hq.dk\/sh5\/2021-OV70JUT\/\" target=\"_blank\">OV70JUT<\/a><\/p>\n\n\n\n<p>Deltagercertifikater:<\/p>\n\n\n\n<figure class=\"wp-block-gallery has-nested-images columns-default is-cropped wp-block-gallery-1 is-layout-flex wp-block-gallery-is-layout-flex\">\n<figure class=\"wp-block-image size-large\"><a href=\"https:\/\/www.oz1hq.dk\/wp-content\/uploads\/2023\/10\/OU5KF.jpg\"><img loading=\"lazy\" decoding=\"async\" width=\"724\" height=\"1024\" data-id=\"1652\" src=\"https:\/\/www.oz1hq.dk\/wp-content\/uploads\/2023\/10\/OU5KF-724x1024.jpg\" alt=\"\" class=\"wp-image-1652\" srcset=\"https:\/\/www.oz1hq.dk\/wp-content\/uploads\/2023\/10\/OU5KF-724x1024.jpg 724w, https:\/\/www.oz1hq.dk\/wp-content\/uploads\/2023\/10\/OU5KF-212x300.jpg 212w, https:\/\/www.oz1hq.dk\/wp-content\/uploads\/2023\/10\/OU5KF-768x1086.jpg 768w, https:\/\/www.oz1hq.dk\/wp-content\/uploads\/2023\/10\/OU5KF-1086x1536.jpg 1086w, https:\/\/www.oz1hq.dk\/wp-content\/uploads\/2023\/10\/OU5KF.jpg 1200w\" sizes=\"auto, (max-width: 724px) 100vw, 724px\" \/><\/a><\/figure>\n\n\n\n<figure class=\"wp-block-image size-large\"><a href=\"https:\/\/www.oz1hq.dk\/wp-content\/uploads\/2023\/10\/OZ1BV.jpg\"><img loading=\"lazy\" decoding=\"async\" width=\"724\" height=\"1024\" data-id=\"1648\" src=\"https:\/\/www.oz1hq.dk\/wp-content\/uploads\/2023\/10\/OZ1BV-724x1024.jpg\" alt=\"\" class=\"wp-image-1648\" srcset=\"https:\/\/www.oz1hq.dk\/wp-content\/uploads\/2023\/10\/OZ1BV-724x1024.jpg 724w, https:\/\/www.oz1hq.dk\/wp-content\/uploads\/2023\/10\/OZ1BV-212x300.jpg 212w, https:\/\/www.oz1hq.dk\/wp-content\/uploads\/2023\/10\/OZ1BV-768x1086.jpg 768w, https:\/\/www.oz1hq.dk\/wp-content\/uploads\/2023\/10\/OZ1BV-1086x1536.jpg 1086w, https:\/\/www.oz1hq.dk\/wp-content\/uploads\/2023\/10\/OZ1BV.jpg 1200w\" sizes=\"auto, (max-width: 724px) 100vw, 724px\" \/><\/a><\/figure>\n\n\n\n<figure class=\"wp-block-image size-large\"><a href=\"https:\/\/www.oz1hq.dk\/wp-content\/uploads\/2023\/10\/OZ1FJB-2.jpg\"><img loading=\"lazy\" decoding=\"async\" width=\"724\" height=\"1024\" data-id=\"1647\" src=\"https:\/\/www.oz1hq.dk\/wp-content\/uploads\/2023\/10\/OZ1FJB-2-724x1024.jpg\" alt=\"\" class=\"wp-image-1647\" srcset=\"https:\/\/www.oz1hq.dk\/wp-content\/uploads\/2023\/10\/OZ1FJB-2-724x1024.jpg 724w, https:\/\/www.oz1hq.dk\/wp-content\/uploads\/2023\/10\/OZ1FJB-2-212x300.jpg 212w, https:\/\/www.oz1hq.dk\/wp-content\/uploads\/2023\/10\/OZ1FJB-2-768x1086.jpg 768w, https:\/\/www.oz1hq.dk\/wp-content\/uploads\/2023\/10\/OZ1FJB-2-1086x1536.jpg 1086w, https:\/\/www.oz1hq.dk\/wp-content\/uploads\/2023\/10\/OZ1FJB-2.jpg 1200w\" sizes=\"auto, (max-width: 724px) 100vw, 724px\" \/><\/a><\/figure>\n\n\n\n<figure class=\"wp-block-image size-large\"><a href=\"https:\/\/www.oz1hq.dk\/wp-content\/uploads\/2023\/10\/OZ1PDE-3.jpg\"><img loading=\"lazy\" decoding=\"async\" width=\"724\" height=\"1024\" data-id=\"1650\" src=\"https:\/\/www.oz1hq.dk\/wp-content\/uploads\/2023\/10\/OZ1PDE-3-724x1024.jpg\" alt=\"\" class=\"wp-image-1650\" srcset=\"https:\/\/www.oz1hq.dk\/wp-content\/uploads\/2023\/10\/OZ1PDE-3-724x1024.jpg 724w, https:\/\/www.oz1hq.dk\/wp-content\/uploads\/2023\/10\/OZ1PDE-3-212x300.jpg 212w, https:\/\/www.oz1hq.dk\/wp-content\/uploads\/2023\/10\/OZ1PDE-3-768x1086.jpg 768w, https:\/\/www.oz1hq.dk\/wp-content\/uploads\/2023\/10\/OZ1PDE-3-1086x1536.jpg 1086w, https:\/\/www.oz1hq.dk\/wp-content\/uploads\/2023\/10\/OZ1PDE-3.jpg 1200w\" sizes=\"auto, (max-width: 724px) 100vw, 724px\" \/><\/a><\/figure>\n\n\n\n<figure class=\"wp-block-image size-large\"><a href=\"https:\/\/www.oz1hq.dk\/wp-content\/uploads\/2023\/10\/OZ1RH-2.jpg\"><img loading=\"lazy\" decoding=\"async\" width=\"724\" height=\"1024\" data-id=\"1646\" src=\"https:\/\/www.oz1hq.dk\/wp-content\/uploads\/2023\/10\/OZ1RH-2-724x1024.jpg\" alt=\"\" class=\"wp-image-1646\" srcset=\"https:\/\/www.oz1hq.dk\/wp-content\/uploads\/2023\/10\/OZ1RH-2-724x1024.jpg 724w, https:\/\/www.oz1hq.dk\/wp-content\/uploads\/2023\/10\/OZ1RH-2-212x300.jpg 212w, https:\/\/www.oz1hq.dk\/wp-content\/uploads\/2023\/10\/OZ1RH-2-768x1086.jpg 768w, https:\/\/www.oz1hq.dk\/wp-content\/uploads\/2023\/10\/OZ1RH-2-1086x1536.jpg 1086w, https:\/\/www.oz1hq.dk\/wp-content\/uploads\/2023\/10\/OZ1RH-2.jpg 1200w\" sizes=\"auto, (max-width: 724px) 100vw, 724px\" \/><\/a><\/figure>\n\n\n\n<figure class=\"wp-block-image size-large\"><a href=\"https:\/\/www.oz1hq.dk\/wp-content\/uploads\/2023\/10\/OZ1AAR-7.jpg\"><img loading=\"lazy\" decoding=\"async\" width=\"724\" height=\"1024\" data-id=\"1649\" src=\"https:\/\/www.oz1hq.dk\/wp-content\/uploads\/2023\/10\/OZ1AAR-7-724x1024.jpg\" alt=\"\" class=\"wp-image-1649\" srcset=\"https:\/\/www.oz1hq.dk\/wp-content\/uploads\/2023\/10\/OZ1AAR-7-724x1024.jpg 724w, https:\/\/www.oz1hq.dk\/wp-content\/uploads\/2023\/10\/OZ1AAR-7-212x300.jpg 212w, https:\/\/www.oz1hq.dk\/wp-content\/uploads\/2023\/10\/OZ1AAR-7-768x1086.jpg 768w, https:\/\/www.oz1hq.dk\/wp-content\/uploads\/2023\/10\/OZ1AAR-7-1086x1536.jpg 1086w, https:\/\/www.oz1hq.dk\/wp-content\/uploads\/2023\/10\/OZ1AAR-7.jpg 1200w\" sizes=\"auto, (max-width: 724px) 100vw, 724px\" \/><\/a><\/figure>\n\n\n\n<figure class=\"wp-block-image size-large\"><a href=\"https:\/\/www.oz1hq.dk\/wp-content\/uploads\/2023\/10\/OZ2I-6.jpg\"><img loading=\"lazy\" decoding=\"async\" width=\"724\" height=\"1024\" data-id=\"1651\" src=\"https:\/\/www.oz1hq.dk\/wp-content\/uploads\/2023\/10\/OZ2I-6-724x1024.jpg\" alt=\"\" class=\"wp-image-1651\" srcset=\"https:\/\/www.oz1hq.dk\/wp-content\/uploads\/2023\/10\/OZ2I-6-724x1024.jpg 724w, https:\/\/www.oz1hq.dk\/wp-content\/uploads\/2023\/10\/OZ2I-6-212x300.jpg 212w, https:\/\/www.oz1hq.dk\/wp-content\/uploads\/2023\/10\/OZ2I-6-768x1086.jpg 768w, https:\/\/www.oz1hq.dk\/wp-content\/uploads\/2023\/10\/OZ2I-6-1086x1536.jpg 1086w, https:\/\/www.oz1hq.dk\/wp-content\/uploads\/2023\/10\/OZ2I-6.jpg 1200w\" sizes=\"auto, (max-width: 724px) 100vw, 724px\" \/><\/a><\/figure>\n<\/figure>\n\n\n\n<p>Specielle diplomer:<\/p>\n\n\n\n<figure class=\"wp-block-gallery has-nested-images columns-default is-cropped wp-block-gallery-2 is-layout-flex wp-block-gallery-is-layout-flex\">\n<figure class=\"wp-block-image size-large\"><a href=\"https:\/\/www.oz1hq.dk\/wp-content\/uploads\/2023\/10\/DS3HWS.jpg\"><img loading=\"lazy\" decoding=\"async\" width=\"724\" height=\"1024\" data-id=\"1656\" src=\"https:\/\/www.oz1hq.dk\/wp-content\/uploads\/2023\/10\/DS3HWS-724x1024.jpg\" alt=\"\" class=\"wp-image-1656\" srcset=\"https:\/\/www.oz1hq.dk\/wp-content\/uploads\/2023\/10\/DS3HWS-724x1024.jpg 724w, https:\/\/www.oz1hq.dk\/wp-content\/uploads\/2023\/10\/DS3HWS-212x300.jpg 212w, https:\/\/www.oz1hq.dk\/wp-content\/uploads\/2023\/10\/DS3HWS-768x1087.jpg 768w, https:\/\/www.oz1hq.dk\/wp-content\/uploads\/2023\/10\/DS3HWS.jpg 909w\" sizes=\"auto, (max-width: 724px) 100vw, 724px\" \/><\/a><\/figure>\n\n\n\n<figure class=\"wp-block-image size-large\"><a href=\"https:\/\/www.oz1hq.dk\/wp-content\/uploads\/2023\/10\/DS5USH.jpg\"><img loading=\"lazy\" decoding=\"async\" width=\"724\" height=\"1024\" data-id=\"1658\" src=\"https:\/\/www.oz1hq.dk\/wp-content\/uploads\/2023\/10\/DS5USH-724x1024.jpg\" alt=\"\" class=\"wp-image-1658\" srcset=\"https:\/\/www.oz1hq.dk\/wp-content\/uploads\/2023\/10\/DS5USH-724x1024.jpg 724w, https:\/\/www.oz1hq.dk\/wp-content\/uploads\/2023\/10\/DS5USH-212x300.jpg 212w, https:\/\/www.oz1hq.dk\/wp-content\/uploads\/2023\/10\/DS5USH-768x1087.jpg 768w, https:\/\/www.oz1hq.dk\/wp-content\/uploads\/2023\/10\/DS5USH.jpg 909w\" sizes=\"auto, (max-width: 724px) 100vw, 724px\" \/><\/a><\/figure>\n\n\n\n<figure class=\"wp-block-image size-large\"><a href=\"https:\/\/www.oz1hq.dk\/wp-content\/uploads\/2023\/10\/HL2CFY.jpg\"><img loading=\"lazy\" decoding=\"async\" width=\"724\" height=\"1024\" data-id=\"1654\" src=\"https:\/\/www.oz1hq.dk\/wp-content\/uploads\/2023\/10\/HL2CFY-724x1024.jpg\" alt=\"\" class=\"wp-image-1654\" srcset=\"https:\/\/www.oz1hq.dk\/wp-content\/uploads\/2023\/10\/HL2CFY-724x1024.jpg 724w, https:\/\/www.oz1hq.dk\/wp-content\/uploads\/2023\/10\/HL2CFY-212x300.jpg 212w, https:\/\/www.oz1hq.dk\/wp-content\/uploads\/2023\/10\/HL2CFY-768x1087.jpg 768w, https:\/\/www.oz1hq.dk\/wp-content\/uploads\/2023\/10\/HL2CFY.jpg 909w\" sizes=\"auto, (max-width: 724px) 100vw, 724px\" \/><\/a><\/figure>\n\n\n\n<figure class=\"wp-block-image size-large\"><a href=\"https:\/\/www.oz1hq.dk\/wp-content\/uploads\/2023\/10\/HL2KV.jpg\"><img loading=\"lazy\" decoding=\"async\" width=\"724\" height=\"1024\" data-id=\"1655\" src=\"https:\/\/www.oz1hq.dk\/wp-content\/uploads\/2023\/10\/HL2KV-724x1024.jpg\" alt=\"\" class=\"wp-image-1655\" srcset=\"https:\/\/www.oz1hq.dk\/wp-content\/uploads\/2023\/10\/HL2KV-724x1024.jpg 724w, https:\/\/www.oz1hq.dk\/wp-content\/uploads\/2023\/10\/HL2KV-212x300.jpg 212w, https:\/\/www.oz1hq.dk\/wp-content\/uploads\/2023\/10\/HL2KV-768x1087.jpg 768w, https:\/\/www.oz1hq.dk\/wp-content\/uploads\/2023\/10\/HL2KV.jpg 909w\" sizes=\"auto, (max-width: 724px) 100vw, 724px\" \/><\/a><\/figure>\n\n\n\n<figure class=\"wp-block-image size-large\"><a href=\"https:\/\/www.oz1hq.dk\/wp-content\/uploads\/2023\/10\/HL3GOB.jpg\"><img loading=\"lazy\" decoding=\"async\" width=\"724\" height=\"1024\" data-id=\"1657\" src=\"https:\/\/www.oz1hq.dk\/wp-content\/uploads\/2023\/10\/HL3GOB-724x1024.jpg\" alt=\"\" class=\"wp-image-1657\" srcset=\"https:\/\/www.oz1hq.dk\/wp-content\/uploads\/2023\/10\/HL3GOB-724x1024.jpg 724w, https:\/\/www.oz1hq.dk\/wp-content\/uploads\/2023\/10\/HL3GOB-212x300.jpg 212w, https:\/\/www.oz1hq.dk\/wp-content\/uploads\/2023\/10\/HL3GOB-768x1087.jpg 768w, https:\/\/www.oz1hq.dk\/wp-content\/uploads\/2023\/10\/HL3GOB.jpg 909w\" sizes=\"auto, (max-width: 724px) 100vw, 724px\" \/><\/a><\/figure>\n<\/figure>\n\n\n\n<hr class=\"wp-block-separator has-alpha-channel-opacity\"\/>\n\n\n\n<figure class=\"wp-block-image size-full\"><img loading=\"lazy\" decoding=\"async\" width=\"800\" height=\"320\" src=\"https:\/\/www.oz1hq.dk\/wp-content\/uploads\/2023\/10\/Reklame-2.jpg\" alt=\"\" class=\"wp-image-1663\" srcset=\"https:\/\/www.oz1hq.dk\/wp-content\/uploads\/2023\/10\/Reklame-2.jpg 800w, https:\/\/www.oz1hq.dk\/wp-content\/uploads\/2023\/10\/Reklame-2-300x120.jpg 300w, https:\/\/www.oz1hq.dk\/wp-content\/uploads\/2023\/10\/Reklame-2-768x307.jpg 768w\" sizes=\"auto, (max-width: 800px) 100vw, 800px\" \/><\/figure>\n\n\n\n<figure class=\"wp-block-image size-large\"><img loading=\"lazy\" decoding=\"async\" width=\"1024\" height=\"780\" src=\"https:\/\/www.oz1hq.dk\/wp-content\/uploads\/2023\/10\/Frimaerke-1024x780.jpg\" alt=\"\" class=\"wp-image-1664\" srcset=\"https:\/\/www.oz1hq.dk\/wp-content\/uploads\/2023\/10\/Frimaerke-1024x780.jpg 1024w, https:\/\/www.oz1hq.dk\/wp-content\/uploads\/2023\/10\/Frimaerke-300x229.jpg 300w, https:\/\/www.oz1hq.dk\/wp-content\/uploads\/2023\/10\/Frimaerke-768x585.jpg 768w, https:\/\/www.oz1hq.dk\/wp-content\/uploads\/2023\/10\/Frimaerke.jpg 1200w\" sizes=\"auto, (max-width: 1024px) 100vw, 1024px\" \/><\/figure>\n","protected":false},"excerpt":{"rendered":"<p>Det Danske hospitalsskib Jutlandia 1951 I anledningen af 70-\u00e5ret for denne begivenhed aktiverer Experimenterende Danske Radioamat\u00f8rer en s\u00e6rlig radiostation med kaldesignalet OV\u00d8JUTLANDIA og OV70JUT. I perioden fra 1. februar 00: 00 UTC til 31. marts 23: 59 UTC vil disse kaldesignaler v\u00e6re aktiv p\u00e5 de fleste amat\u00f8rradiob\u00e5nd med CW, SSB og DIGI Mode. Alle HF [&hellip;]<\/p>\n","protected":false},"author":1,"featured_media":1660,"parent":0,"menu_order":0,"comment_status":"closed","ping_status":"closed","template":"","meta":{"footnotes":""},"class_list":["post-1645","page","type-page","status-publish","has-post-thumbnail","hentry"],"_links":{"self":[{"href":"https:\/\/www.oz1hq.dk\/index.php?rest_route=\/wp\/v2\/pages\/1645","targetHints":{"allow":["GET"]}}],"collection":[{"href":"https:\/\/www.oz1hq.dk\/index.php?rest_route=\/wp\/v2\/pages"}],"about":[{"href":"https:\/\/www.oz1hq.dk\/index.php?rest_route=\/wp\/v2\/types\/page"}],"author":[{"embeddable":true,"href":"https:\/\/www.oz1hq.dk\/index.php?rest_route=\/wp\/v2\/users\/1"}],"replies":[{"embeddable":true,"href":"https:\/\/www.oz1hq.dk\/index.php?rest_route=%2Fwp%2Fv2%2Fcomments&post=1645"}],"version-history":[{"count":8,"href":"https:\/\/www.oz1hq.dk\/index.php?rest_route=\/wp\/v2\/pages\/1645\/revisions"}],"predecessor-version":[{"id":1840,"href":"https:\/\/www.oz1hq.dk\/index.php?rest_route=\/wp\/v2\/pages\/1645\/revisions\/1840"}],"wp:featuredmedia":[{"embeddable":true,"href":"https:\/\/www.oz1hq.dk\/index.php?rest_route=\/wp\/v2\/media\/1660"}],"wp:attachment":[{"href":"https:\/\/www.oz1hq.dk\/index.php?rest_route=%2Fwp%2Fv2%2Fmedia&parent=1645"}],"curies":[{"name":"wp","href":"https:\/\/api.w.org\/{rel}","templated":true}]}}