{"id":1627,"date":"2023-10-21T05:25:23","date_gmt":"2023-10-21T03:25:23","guid":{"rendered":"https:\/\/www.oz1hq.dk\/?page_id=1627"},"modified":"2023-10-21T05:29:34","modified_gmt":"2023-10-21T03:29:34","slug":"oz400hs-hs400oz","status":"publish","type":"page","link":"https:\/\/www.oz1hq.dk\/?page_id=1627","title":{"rendered":"OZ4\u00d8\u00d8HS &#8211; HS4\u00d8\u00d8OZ"},"content":{"rendered":"\n<h5 class=\"wp-block-heading\"><strong>Den f\u00f8rste handelsaftale mellem Danmark og Siam i 1621<\/strong><\/h5>\n\n\n\n<p><strong>RAST og EDR aktiverer Special Event Stations i tiden 1. september til 31. oktober 2021<\/strong><\/p>\n\n\n\n<p>I anledningen af 400-\u00e5ret for denne begivenhed aktiverer EDR <em><strong>Experimenterende Danske Radioamat\u00f8rer<\/strong><\/em> en s\u00e6rlig radiostation med kaldesignalet OZ400HS og ligeledes vil RAST, <em><strong>Radio Amateur Society of Thailand<\/strong><\/em> aktivere en station med kaldesignalet HS400OZ. Disse to kaldesignaler vil v\u00e6re aktive i perioden fra 1. september 00:00 UTC til 31. oktober 23:59 UTC p\u00e5 alle HF amat\u00f8rradiob\u00e5nd med CW, SSB og DIGI modes.<\/p>\n\n\n\n<p>Se resultatet her:  <a href=\"https:\/\/oz1hq.dk\/sh5\/2021-10-OZ400HS\/\" target=\"_blank\" rel=\"noreferrer noopener\">OZ-HS<\/a><\/p>\n\n\n\n<figure class=\"wp-block-image size-large\"><img loading=\"lazy\" decoding=\"async\" width=\"1024\" height=\"548\" src=\"https:\/\/www.oz1hq.dk\/wp-content\/uploads\/2023\/10\/Logo-reklame-1024x548.png\" alt=\"\" class=\"wp-image-1628\" srcset=\"https:\/\/www.oz1hq.dk\/wp-content\/uploads\/2023\/10\/Logo-reklame-1024x548.png 1024w, https:\/\/www.oz1hq.dk\/wp-content\/uploads\/2023\/10\/Logo-reklame-300x161.png 300w, https:\/\/www.oz1hq.dk\/wp-content\/uploads\/2023\/10\/Logo-reklame-768x411.png 768w, https:\/\/www.oz1hq.dk\/wp-content\/uploads\/2023\/10\/Logo-reklame-1536x822.png 1536w, https:\/\/www.oz1hq.dk\/wp-content\/uploads\/2023\/10\/Logo-reklame-1200x642.png 1200w, https:\/\/www.oz1hq.dk\/wp-content\/uploads\/2023\/10\/Logo-reklame.png 1588w\" sizes=\"auto, (max-width: 1024px) 100vw, 1024px\" \/><\/figure>\n\n\n\n<p>Deltagercertifikater g diplomer:<\/p>\n\n\n\n<figure class=\"wp-block-gallery has-nested-images columns-default is-cropped wp-block-gallery-1 is-layout-flex wp-block-gallery-is-layout-flex\">\n<figure class=\"wp-block-image size-large\"><a href=\"https:\/\/www.oz1hq.dk\/wp-content\/uploads\/2023\/10\/5P1KZX-6.jpg\"><img loading=\"lazy\" decoding=\"async\" width=\"724\" height=\"1024\" data-id=\"1629\" src=\"https:\/\/www.oz1hq.dk\/wp-content\/uploads\/2023\/10\/5P1KZX-6-724x1024.jpg\" alt=\"\" class=\"wp-image-1629\" srcset=\"https:\/\/www.oz1hq.dk\/wp-content\/uploads\/2023\/10\/5P1KZX-6-724x1024.jpg 724w, https:\/\/www.oz1hq.dk\/wp-content\/uploads\/2023\/10\/5P1KZX-6-212x300.jpg 212w, https:\/\/www.oz1hq.dk\/wp-content\/uploads\/2023\/10\/5P1KZX-6-768x1086.jpg 768w, https:\/\/www.oz1hq.dk\/wp-content\/uploads\/2023\/10\/5P1KZX-6-1086x1536.jpg 1086w, https:\/\/www.oz1hq.dk\/wp-content\/uploads\/2023\/10\/5P1KZX-6-1200x1697.jpg 1200w, https:\/\/www.oz1hq.dk\/wp-content\/uploads\/2023\/10\/5P1KZX-6.jpg 1240w\" sizes=\"auto, (max-width: 724px) 100vw, 724px\" \/><\/a><\/figure>\n\n\n\n<figure class=\"wp-block-image size-large\"><a href=\"https:\/\/www.oz1hq.dk\/wp-content\/uploads\/2023\/10\/OZ1DAE-2.jpg\"><img loading=\"lazy\" decoding=\"async\" width=\"724\" height=\"1024\" data-id=\"1635\" src=\"https:\/\/www.oz1hq.dk\/wp-content\/uploads\/2023\/10\/OZ1DAE-2-724x1024.jpg\" alt=\"\" class=\"wp-image-1635\" srcset=\"https:\/\/www.oz1hq.dk\/wp-content\/uploads\/2023\/10\/OZ1DAE-2-724x1024.jpg 724w, https:\/\/www.oz1hq.dk\/wp-content\/uploads\/2023\/10\/OZ1DAE-2-212x300.jpg 212w, https:\/\/www.oz1hq.dk\/wp-content\/uploads\/2023\/10\/OZ1DAE-2-768x1086.jpg 768w, https:\/\/www.oz1hq.dk\/wp-content\/uploads\/2023\/10\/OZ1DAE-2-1086x1536.jpg 1086w, https:\/\/www.oz1hq.dk\/wp-content\/uploads\/2023\/10\/OZ1DAE-2-1200x1697.jpg 1200w, https:\/\/www.oz1hq.dk\/wp-content\/uploads\/2023\/10\/OZ1DAE-2.jpg 1240w\" sizes=\"auto, (max-width: 724px) 100vw, 724px\" \/><\/a><\/figure>\n\n\n\n<figure class=\"wp-block-image size-large\"><a href=\"https:\/\/www.oz1hq.dk\/wp-content\/uploads\/2023\/10\/OZ1FJB-1.jpg\"><img loading=\"lazy\" decoding=\"async\" width=\"724\" height=\"1024\" data-id=\"1633\" src=\"https:\/\/www.oz1hq.dk\/wp-content\/uploads\/2023\/10\/OZ1FJB-1-724x1024.jpg\" alt=\"\" class=\"wp-image-1633\" srcset=\"https:\/\/www.oz1hq.dk\/wp-content\/uploads\/2023\/10\/OZ1FJB-1-724x1024.jpg 724w, https:\/\/www.oz1hq.dk\/wp-content\/uploads\/2023\/10\/OZ1FJB-1-212x300.jpg 212w, https:\/\/www.oz1hq.dk\/wp-content\/uploads\/2023\/10\/OZ1FJB-1-768x1086.jpg 768w, https:\/\/www.oz1hq.dk\/wp-content\/uploads\/2023\/10\/OZ1FJB-1-1086x1536.jpg 1086w, https:\/\/www.oz1hq.dk\/wp-content\/uploads\/2023\/10\/OZ1FJB-1-1200x1697.jpg 1200w, https:\/\/www.oz1hq.dk\/wp-content\/uploads\/2023\/10\/OZ1FJB-1.jpg 1240w\" sizes=\"auto, (max-width: 724px) 100vw, 724px\" \/><\/a><\/figure>\n\n\n\n<figure class=\"wp-block-image size-large\"><a href=\"https:\/\/www.oz1hq.dk\/wp-content\/uploads\/2023\/10\/OZ1PDE-2.jpg\"><img loading=\"lazy\" decoding=\"async\" width=\"724\" height=\"1024\" data-id=\"1634\" src=\"https:\/\/www.oz1hq.dk\/wp-content\/uploads\/2023\/10\/OZ1PDE-2-724x1024.jpg\" alt=\"\" class=\"wp-image-1634\" srcset=\"https:\/\/www.oz1hq.dk\/wp-content\/uploads\/2023\/10\/OZ1PDE-2-724x1024.jpg 724w, https:\/\/www.oz1hq.dk\/wp-content\/uploads\/2023\/10\/OZ1PDE-2-212x300.jpg 212w, https:\/\/www.oz1hq.dk\/wp-content\/uploads\/2023\/10\/OZ1PDE-2-768x1086.jpg 768w, https:\/\/www.oz1hq.dk\/wp-content\/uploads\/2023\/10\/OZ1PDE-2-1086x1536.jpg 1086w, https:\/\/www.oz1hq.dk\/wp-content\/uploads\/2023\/10\/OZ1PDE-2-1200x1697.jpg 1200w, https:\/\/www.oz1hq.dk\/wp-content\/uploads\/2023\/10\/OZ1PDE-2.jpg 1240w\" sizes=\"auto, (max-width: 724px) 100vw, 724px\" \/><\/a><\/figure>\n\n\n\n<figure class=\"wp-block-image size-large\"><a href=\"https:\/\/www.oz1hq.dk\/wp-content\/uploads\/2023\/10\/OZ1AAR-6.jpg\"><img loading=\"lazy\" decoding=\"async\" width=\"724\" height=\"1024\" data-id=\"1636\" src=\"https:\/\/www.oz1hq.dk\/wp-content\/uploads\/2023\/10\/OZ1AAR-6-724x1024.jpg\" alt=\"\" class=\"wp-image-1636\" srcset=\"https:\/\/www.oz1hq.dk\/wp-content\/uploads\/2023\/10\/OZ1AAR-6-724x1024.jpg 724w, https:\/\/www.oz1hq.dk\/wp-content\/uploads\/2023\/10\/OZ1AAR-6-212x300.jpg 212w, https:\/\/www.oz1hq.dk\/wp-content\/uploads\/2023\/10\/OZ1AAR-6-768x1086.jpg 768w, https:\/\/www.oz1hq.dk\/wp-content\/uploads\/2023\/10\/OZ1AAR-6-1086x1536.jpg 1086w, https:\/\/www.oz1hq.dk\/wp-content\/uploads\/2023\/10\/OZ1AAR-6-1200x1697.jpg 1200w, https:\/\/www.oz1hq.dk\/wp-content\/uploads\/2023\/10\/OZ1AAR-6.jpg 1240w\" sizes=\"auto, (max-width: 724px) 100vw, 724px\" \/><\/a><\/figure>\n\n\n\n<figure class=\"wp-block-image size-large\"><a href=\"https:\/\/www.oz1hq.dk\/wp-content\/uploads\/2023\/10\/OZ2I-5.jpg\"><img loading=\"lazy\" decoding=\"async\" width=\"724\" height=\"1024\" data-id=\"1630\" src=\"https:\/\/www.oz1hq.dk\/wp-content\/uploads\/2023\/10\/OZ2I-5-724x1024.jpg\" alt=\"\" class=\"wp-image-1630\" srcset=\"https:\/\/www.oz1hq.dk\/wp-content\/uploads\/2023\/10\/OZ2I-5-724x1024.jpg 724w, https:\/\/www.oz1hq.dk\/wp-content\/uploads\/2023\/10\/OZ2I-5-212x300.jpg 212w, https:\/\/www.oz1hq.dk\/wp-content\/uploads\/2023\/10\/OZ2I-5-768x1086.jpg 768w, https:\/\/www.oz1hq.dk\/wp-content\/uploads\/2023\/10\/OZ2I-5-1086x1536.jpg 1086w, https:\/\/www.oz1hq.dk\/wp-content\/uploads\/2023\/10\/OZ2I-5-1200x1697.jpg 1200w, https:\/\/www.oz1hq.dk\/wp-content\/uploads\/2023\/10\/OZ2I-5.jpg 1240w\" sizes=\"auto, (max-width: 724px) 100vw, 724px\" \/><\/a><\/figure>\n\n\n\n<figure class=\"wp-block-image size-large\"><a href=\"https:\/\/www.oz1hq.dk\/wp-content\/uploads\/2023\/10\/OZ4ZT-5.jpg\"><img loading=\"lazy\" decoding=\"async\" width=\"724\" height=\"1024\" data-id=\"1632\" src=\"https:\/\/www.oz1hq.dk\/wp-content\/uploads\/2023\/10\/OZ4ZT-5-724x1024.jpg\" alt=\"\" class=\"wp-image-1632\" srcset=\"https:\/\/www.oz1hq.dk\/wp-content\/uploads\/2023\/10\/OZ4ZT-5-724x1024.jpg 724w, https:\/\/www.oz1hq.dk\/wp-content\/uploads\/2023\/10\/OZ4ZT-5-212x300.jpg 212w, https:\/\/www.oz1hq.dk\/wp-content\/uploads\/2023\/10\/OZ4ZT-5-768x1086.jpg 768w, https:\/\/www.oz1hq.dk\/wp-content\/uploads\/2023\/10\/OZ4ZT-5-1086x1536.jpg 1086w, https:\/\/www.oz1hq.dk\/wp-content\/uploads\/2023\/10\/OZ4ZT-5-1200x1697.jpg 1200w, https:\/\/www.oz1hq.dk\/wp-content\/uploads\/2023\/10\/OZ4ZT-5.jpg 1240w\" sizes=\"auto, (max-width: 724px) 100vw, 724px\" \/><\/a><\/figure>\n\n\n\n<figure class=\"wp-block-image size-large\"><a href=\"https:\/\/www.oz1hq.dk\/wp-content\/uploads\/2023\/10\/OZ8AGB-4.jpg\"><img loading=\"lazy\" decoding=\"async\" width=\"724\" height=\"1024\" data-id=\"1631\" src=\"https:\/\/www.oz1hq.dk\/wp-content\/uploads\/2023\/10\/OZ8AGB-4-724x1024.jpg\" alt=\"\" class=\"wp-image-1631\" srcset=\"https:\/\/www.oz1hq.dk\/wp-content\/uploads\/2023\/10\/OZ8AGB-4-724x1024.jpg 724w, https:\/\/www.oz1hq.dk\/wp-content\/uploads\/2023\/10\/OZ8AGB-4-212x300.jpg 212w, https:\/\/www.oz1hq.dk\/wp-content\/uploads\/2023\/10\/OZ8AGB-4-768x1086.jpg 768w, https:\/\/www.oz1hq.dk\/wp-content\/uploads\/2023\/10\/OZ8AGB-4-1086x1536.jpg 1086w, https:\/\/www.oz1hq.dk\/wp-content\/uploads\/2023\/10\/OZ8AGB-4-1200x1697.jpg 1200w, https:\/\/www.oz1hq.dk\/wp-content\/uploads\/2023\/10\/OZ8AGB-4.jpg 1240w\" sizes=\"auto, (max-width: 724px) 100vw, 724px\" \/><\/a><\/figure>\n<\/figure>\n\n\n\n<figure class=\"wp-block-image size-large\"><img loading=\"lazy\" decoding=\"async\" width=\"1024\" height=\"236\" src=\"https:\/\/www.oz1hq.dk\/wp-content\/uploads\/2023\/10\/DT-Fed-1024x236.png\" alt=\"\" class=\"wp-image-1637\" srcset=\"https:\/\/www.oz1hq.dk\/wp-content\/uploads\/2023\/10\/DT-Fed-1024x236.png 1024w, https:\/\/www.oz1hq.dk\/wp-content\/uploads\/2023\/10\/DT-Fed-300x69.png 300w, https:\/\/www.oz1hq.dk\/wp-content\/uploads\/2023\/10\/DT-Fed-768x177.png 768w, https:\/\/www.oz1hq.dk\/wp-content\/uploads\/2023\/10\/DT-Fed-1200x277.png 1200w, https:\/\/www.oz1hq.dk\/wp-content\/uploads\/2023\/10\/DT-Fed.png 1300w\" sizes=\"auto, (max-width: 1024px) 100vw, 1024px\" \/><\/figure>\n\n\n\n<p><\/p>\n","protected":false},"excerpt":{"rendered":"<p>Den f\u00f8rste handelsaftale mellem Danmark og Siam i 1621 RAST og EDR aktiverer Special Event Stations i tiden 1. september til 31. oktober 2021 I anledningen af 400-\u00e5ret for denne begivenhed aktiverer EDR Experimenterende Danske Radioamat\u00f8rer en s\u00e6rlig radiostation med kaldesignalet OZ400HS og ligeledes vil RAST, Radio Amateur Society of Thailand aktivere en station med [&hellip;]<\/p>\n","protected":false},"author":1,"featured_media":1639,"parent":0,"menu_order":0,"comment_status":"closed","ping_status":"closed","template":"","meta":{"footnotes":""},"class_list":["post-1627","page","type-page","status-publish","has-post-thumbnail","hentry"],"_links":{"self":[{"href":"https:\/\/www.oz1hq.dk\/index.php?rest_route=\/wp\/v2\/pages\/1627","targetHints":{"allow":["GET"]}}],"collection":[{"href":"https:\/\/www.oz1hq.dk\/index.php?rest_route=\/wp\/v2\/pages"}],"about":[{"href":"https:\/\/www.oz1hq.dk\/index.php?rest_route=\/wp\/v2\/types\/page"}],"author":[{"embeddable":true,"href":"https:\/\/www.oz1hq.dk\/index.php?rest_route=\/wp\/v2\/users\/1"}],"replies":[{"embeddable":true,"href":"https:\/\/www.oz1hq.dk\/index.php?rest_route=%2Fwp%2Fv2%2Fcomments&post=1627"}],"version-history":[{"count":4,"href":"https:\/\/www.oz1hq.dk\/index.php?rest_route=\/wp\/v2\/pages\/1627\/revisions"}],"predecessor-version":[{"id":1644,"href":"https:\/\/www.oz1hq.dk\/index.php?rest_route=\/wp\/v2\/pages\/1627\/revisions\/1644"}],"wp:featuredmedia":[{"embeddable":true,"href":"https:\/\/www.oz1hq.dk\/index.php?rest_route=\/wp\/v2\/media\/1639"}],"wp:attachment":[{"href":"https:\/\/www.oz1hq.dk\/index.php?rest_route=%2Fwp%2Fv2%2Fmedia&parent=1627"}],"curies":[{"name":"wp","href":"https:\/\/api.w.org\/{rel}","templated":true}]}}