{"id":104,"date":"2020-06-04T00:20:28","date_gmt":"2020-06-03T22:20:28","guid":{"rendered":"https:\/\/www.oz1hq.dk\/?page_id=104"},"modified":"2025-08-24T19:47:39","modified_gmt":"2025-08-24T17:47:39","slug":"diverse-contester","status":"publish","type":"page","link":"https:\/\/www.oz1hq.dk\/?page_id=104","title":{"rendered":"Diverse Links"},"content":{"rendered":"\n<h2 class=\"wp-block-heading\">SCANDINAVIAN ACTIVITY CONTEST<\/h2>\n\n\n\n<p class=\"has-primary-color has-background-background-color has-text-color has-background\">SAC er vores nordiske contest som afvikles hvert \u00e5r i september (CW) og oktober (SSB). I denne test g\u00e6lder det om at kontakte s\u00e5 mange stationer som muligt udenfor Norden.<br>Find friske nyheder om SAC p\u00e5 <a rel=\"noreferrer noopener\" href=\"http:\/\/www.sactest.net\" data-type=\"URL\" data-id=\"www.sactest.net\" target=\"_blank\">www.sactest.net<\/a><br><br><img decoding=\"async\" class=\"wp-image-314\" style=\"width: 1401px;\" src=\"https:\/\/www.oz1hq.dk\/wp-content\/uploads\/2020\/09\/SAC-CW-2020.png\" alt=\"\"><\/p>\n\n\n\n<h2 class=\"wp-block-heading\">Diverse CQ Contester<\/h2>\n\n\n\n<p class=\"has-primary-color has-background-background-color has-text-color has-background\"><img loading=\"lazy\" decoding=\"async\" width=\"150\" height=\"156\" align=\"right\" class=\"wp-image-105\" style=\"width: 150px;\" src=\"https:\/\/www.oz1hq.dk\/wp-content\/uploads\/2020\/06\/CQ-logo_5.png\" alt=\"\" srcset=\"https:\/\/www.oz1hq.dk\/wp-content\/uploads\/2020\/06\/CQ-logo_5.png 320w, https:\/\/www.oz1hq.dk\/wp-content\/uploads\/2020\/06\/CQ-logo_5-288x300.png 288w\" sizes=\"auto, (max-width: 150px) 100vw, 150px\" \/>Januar &#8211; &#8211; <a rel=\"noreferrer noopener\" href=\"https:\/\/www.cq160.com\/\" target=\"_blank\">CQ WW 160 meter Contest  CW<\/a><br>Februar &#8211;  &#8211; <a rel=\"noreferrer noopener\" href=\"https:\/\/www.cq160.com\/\" target=\"_blank\">CQ WW 160 meter Contest SSB<\/a><br>Februar &#8211; &#8211; <a rel=\"noreferrer noopener\" href=\"https:\/\/www.cqwpxrtty.com\/\" target=\"_blank\">CQ World Wide WPX Contest RTTY<\/a><br>Marts &#8211; &#8211; <a rel=\"noreferrer noopener\" href=\"https:\/\/www.cqwpx.com\/\" target=\"_blank\">CQ World Wide WPX Contest SSB<\/a><br>Maj &#8211; &#8211; <a rel=\"noreferrer noopener\" href=\"https:\/\/www.cqwpx.com\/\" target=\"_blank\">CQ World Wide WPX Contest CW<\/a><br>September &#8211; &#8211; <a rel=\"noreferrer noopener\" href=\"https:\/\/www.cqwwrtty.com\/\" target=\"_blank\">CQ World Wide DX Contest RTTY<\/a><br>Oktober &#8211; &#8211; <a rel=\"noreferrer noopener\" href=\"https:\/\/www.cqww.com\/\" target=\"_blank\">CQ World Wide DX Contest SSB<\/a><br>November &#8211; &#8211; <a rel=\"noreferrer noopener\" href=\"https:\/\/www.cqww.com\/\" target=\"_blank\">CQ World Wide DX Contest CW<\/a><br><\/p>\n\n\n\n<h2 class=\"wp-block-heading\" id=\"160\">160 meter Contest<\/h2>\n\n\n\n<p class=\"has-primary-color has-background-background-color has-text-color has-background\">Januar : &#8211; &#8211;<a rel=\"noreferrer noopener\" href=\"https:\/\/www.eucw.org\/eu160.html\" target=\"_blank\"> EUCW 160m Contest<\/a><br>Januar : &#8211; &#8211; <a rel=\"noreferrer noopener\" href=\"https:\/\/www.cq160.com\/rules.htm\" target=\"_blank\">CQ 160-Meter Contest, CW<\/a><br>Februar : &#8211; &#8211; <a rel=\"noreferrer noopener\" href=\"https:\/\/www.cq160.com\/rules.htm\" target=\"_blank\">CQ 160-Meter Contest, SSB<\/a><br>November : &#8211; &#8211; <a rel=\"noreferrer noopener\" href=\"https:\/\/www.oevsv.at\/export\/shared\/.content\/.galleries\/Downloads_Referate\/HF-Referat-Downloads\/Regeln_Aoec_160m_2017.pdf\" target=\"_blank\">All Austrian 160-Meter Contest CW<\/a><br>Nov\/Dec : &#8211; &#8211; <a rel=\"noreferrer noopener\" href=\"http:\/\/www.arrl.org\/160-meter\" target=\"_blank\">ARRL 160-Meter ContestCW<\/a><br>December :- &#8211; <a rel=\"noreferrer noopener\" href=\"http:\/\/www.qrz.ru\/contest\/detail\/90.html\" target=\"_blank\">Russian 160-Meter Contest CW + SSB<\/a><br>Okt\/Dec\/Mar : &#8211; &#8211; <a rel=\"noreferrer noopener\" href=\"https:\/\/www.kkn.net\/stew\/stew_rules.html\" target=\"_blank\">Stew Perry Topband challenge CW<\/a><\/p>\n\n\n\n<h2 class=\"wp-block-heading\">RBN DATA<\/h2>\n\n\n\n<p class=\"has-primary-color has-background-background-color has-text-color has-background\">Hvad ligger der af RBN data om din CW aktivitet?&nbsp;    <a rel=\"noreferrer noopener\" href=\"https:\/\/foc.dj1yfk.de\/activity\/\" target=\"_blank\">https:\/\/foc.dj1yfk.de\/activity\/<\/a><\/p>\n\n\n\n<h2 class=\"wp-block-heading\">Facebook links<\/h2>\n\n\n\n<p class=\"has-primary-color has-background-background-color has-text-color has-background\">Experimenterende Danske Radioamat\u00f8rer \u2026 <a rel=\"noreferrer noopener\" href=\"https:\/\/www.facebook.com\/edr.dk\/\" target=\"_blank\">EDR<\/a><br>Aktive Danske Radioamat\u00f8rer \u2026\u2026\u2026\u2026\u2026 <a rel=\"noreferrer noopener\" href=\"https:\/\/www.facebook.com\/groups\/134905809964759\/\" target=\"_blank\">ADR<\/a><br>Scandinavian Activity Contest \u2026\u2026\u2026\u2026\u2026 <a rel=\"noreferrer noopener\" href=\"https:\/\/www.facebook.com\/ScandinavianActivityContest\/\" target=\"_blank\">SAC <\/a><br>Danish Contest Academy \u2026\u2026\u2026\u2026\u2026\u2026 <a rel=\"noreferrer noopener\" href=\"https:\/\/www.facebook.com\/groups\/193035107395828\/\" target=\"_blank\">OZ5E DCA<\/a><br>EDR Head Quarters Station \u2026\u2026\u2026\u2026\u2026 <a rel=\"noreferrer noopener\" href=\"https:\/\/www.facebook.com\/groups\/1040825102633213\/\" target=\"_blank\">OZ1HQ<\/a><br>HM Dronningens 80 \u00e5r \u2026\u2026\u2026\u2026\u2026\u2026\u2026. <a rel=\"noreferrer noopener\" href=\"https:\/\/www.facebook.com\/groups\/226614795110884\/\" target=\"_blank\">OZ8\u00d8QUEEN<\/a><br>60 meter amat\u00f8rer i Danmark \u2026\u2026\u2026\u2026\u2026 <a rel=\"noreferrer noopener\" href=\"https:\/\/www.facebook.com\/groups\/1726585427637232\/\" target=\"_blank\">60 meter Danmark<\/a><\/p>\n\n\n<div class=\"wp-block-image\">\n<figure class=\"alignright is-resized\"><a href=\"http:\/\/oz2i.dk\" target=\"_blank\" rel=\"noopener noreferrer\"><img loading=\"lazy\" decoding=\"async\" width=\"500\" height=\"168\" src=\"https:\/\/www.oz1hq.dk\/wp-content\/uploads\/2020\/06\/you-are-welcome-oz2i-2.png\" alt=\"\" class=\"wp-image-119\" style=\"width:229px;height:77px\" srcset=\"https:\/\/www.oz1hq.dk\/wp-content\/uploads\/2020\/06\/you-are-welcome-oz2i-2.png 500w, https:\/\/www.oz1hq.dk\/wp-content\/uploads\/2020\/06\/you-are-welcome-oz2i-2-300x101.png 300w\" sizes=\"auto, (max-width: 500px) 100vw, 500px\" \/><\/a><\/figure>\n<\/div>\n\n<div class=\"wp-block-image is-resized\">\n<figure class=\"alignleft\"><a href=\"https:\/\/www.qrz.com\/db\/oz5e\" target=\"_blank\" rel=\"noopener noreferrer\"><img loading=\"lazy\" decoding=\"async\" width=\"394\" height=\"131\" src=\"https:\/\/www.oz1hq.dk\/wp-content\/uploads\/2020\/06\/You-are-wellcome-DCA.png\" alt=\"\" class=\"wp-image-120\" srcset=\"https:\/\/www.oz1hq.dk\/wp-content\/uploads\/2020\/06\/You-are-wellcome-DCA.png 394w, https:\/\/www.oz1hq.dk\/wp-content\/uploads\/2020\/06\/You-are-wellcome-DCA-300x100.png 300w\" sizes=\"auto, (max-width: 394px) 100vw, 394px\" \/><\/a><\/figure>\n<\/div>\n\n\n<p class=\"has-text-align-center has-background\" style=\"background-color:#2b3033\">Kender du gode links til Conteststof m\u00e5 du gerne <br>sende dem til mig =&nbsp;<a href=\"mailto:oz2i@edr.dk?subject=OZ1HQ%20Homepage\">OZ2I@EDR.dk<\/a><\/p>\n\n\n\n<p><\/p>\n","protected":false},"excerpt":{"rendered":"<p>SCANDINAVIAN ACTIVITY CONTEST SAC er vores nordiske contest som afvikles hvert \u00e5r i september (CW) og oktober (SSB). I denne test g\u00e6lder det om at kontakte s\u00e5 mange stationer som muligt udenfor Norden.Find friske nyheder om SAC p\u00e5 www.sactest.net Diverse CQ Contester Januar &#8211; &#8211; CQ WW 160 meter Contest CWFebruar &#8211; &#8211; CQ WW [&hellip;]<\/p>\n","protected":false},"author":1,"featured_media":0,"parent":62,"menu_order":0,"comment_status":"closed","ping_status":"closed","template":"templates\/template-full-width.php","meta":{"footnotes":""},"class_list":["post-104","page","type-page","status-publish","hentry"],"_links":{"self":[{"href":"https:\/\/www.oz1hq.dk\/index.php?rest_route=\/wp\/v2\/pages\/104","targetHints":{"allow":["GET"]}}],"collection":[{"href":"https:\/\/www.oz1hq.dk\/index.php?rest_route=\/wp\/v2\/pages"}],"about":[{"href":"https:\/\/www.oz1hq.dk\/index.php?rest_route=\/wp\/v2\/types\/page"}],"author":[{"embeddable":true,"href":"https:\/\/www.oz1hq.dk\/index.php?rest_route=\/wp\/v2\/users\/1"}],"replies":[{"embeddable":true,"href":"https:\/\/www.oz1hq.dk\/index.php?rest_route=%2Fwp%2Fv2%2Fcomments&post=104"}],"version-history":[{"count":43,"href":"https:\/\/www.oz1hq.dk\/index.php?rest_route=\/wp\/v2\/pages\/104\/revisions"}],"predecessor-version":[{"id":2436,"href":"https:\/\/www.oz1hq.dk\/index.php?rest_route=\/wp\/v2\/pages\/104\/revisions\/2436"}],"up":[{"embeddable":true,"href":"https:\/\/www.oz1hq.dk\/index.php?rest_route=\/wp\/v2\/pages\/62"}],"wp:attachment":[{"href":"https:\/\/www.oz1hq.dk\/index.php?rest_route=%2Fwp%2Fv2%2Fmedia&parent=104"}],"curies":[{"name":"wp","href":"https:\/\/api.w.org\/{rel}","templated":true}]}}